{"id":17149,"date":"2025-02-09T16:14:14","date_gmt":"2025-02-09T15:14:14","guid":{"rendered":"https:\/\/bota-dz.com\/shop\/?page_id=17149"},"modified":"2025-02-11T13:55:13","modified_gmt":"2025-02-11T12:55:13","slug":"services","status":"publish","type":"page","link":"https:\/\/bota-dz.com\/shop\/services\/","title":{"rendered":"Services"},"content":{"rendered":"\t\t<div data-elementor-type=\"wp-page\" data-elementor-id=\"17149\" class=\"elementor elementor-17149\">\n\t\t\t\t<div class=\"elementor-element elementor-element-c6ab6dc e-flex e-con-boxed wd-section-disabled e-con e-parent\" data-id=\"c6ab6dc\" data-element_type=\"container\">\n\t\t\t\t\t<div class=\"e-con-inner\">\n\t\t\t\t<div class=\"elementor-element elementor-element-1241697 elementor-widget elementor-widget-wd_title\" data-id=\"1241697\" data-element_type=\"widget\" data-widget_type=\"wd_title.default\">\n\t\t\t\t<div class=\"elementor-widget-container\">\n\t\t\t\t\t\t\t<div class=\"title-wrapper set-mb-s reset-last-child wd-title-color-default wd-title-style-default wd-title-size-extra-large text-left\">\n\n\t\t\t\n\t\t\t<div class=\"liner-continer\">\n\t\t\t\t<h4 class=\"woodmart-title-container title wd-fontsize-xxxl\">Nos Services<\/h4> \n\t\t\t\t\t\t\t<\/div>\n\n\t\t\t\t\t\t\t<div class=\"title-after_title set-cont-mb-s reset-last-child wd-fontsize-s\">\n\t\t\t\t\t<p>Chez <strong>Bota Medical<\/strong>, nous mettons notre expertise au service des professionnels de la sant\u00e9 pour vous proposer une large gamme de mat\u00e9riel m\u00e9dical de qualit\u00e9, r\u00e9pondant aux normes les plus strictes du secteur. D\u00e9couvrez nos services con\u00e7us pour faciliter votre quotidien et garantir la s\u00e9curit\u00e9 de vos patients.<\/p>\t\t\t\t<\/div>\n\t\t\t\t\t<\/div>\n\t\t\t\t\t\t<\/div>\n\t\t\t\t<\/div>\n\t\t\t\t\t<\/div>\n\t\t\t\t<\/div>\n\t\t<div class=\"elementor-element elementor-element-281cdb6 e-flex e-con-boxed wd-section-disabled e-con e-parent\" data-id=\"281cdb6\" data-element_type=\"container\">\n\t\t\t\t\t<div class=\"e-con-inner\">\n\t\t<div class=\"elementor-element elementor-element-9166503 e-con-full e-flex wd-section-disabled e-con e-child\" data-id=\"9166503\" data-element_type=\"container\">\n\t\t\t\t<div class=\"elementor-element elementor-element-e16bfdf elementor-widget__width-initial elementor-widget elementor-widget-wd_image_or_svg\" data-id=\"e16bfdf\" data-element_type=\"widget\" data-widget_type=\"wd_image_or_svg.default\">\n\t\t\t\t<div class=\"elementor-widget-container\">\n\t\t\t\t\t\n\t\t<div class=\"wd-image text-center\">\n\t\t\t\t\t\t\t\t<img fetchpriority=\"high\" decoding=\"async\" width=\"512\" height=\"512\" src=\"https:\/\/bota-dz.com\/shop\/wp-content\/uploads\/2025\/02\/shipped.png\" class=\"attachment-full size-full\" alt=\"\" srcset=\"https:\/\/bota-dz.com\/shop\/wp-content\/uploads\/2025\/02\/shipped.png 512w, https:\/\/bota-dz.com\/shop\/wp-content\/uploads\/2025\/02\/shipped-300x300.png 300w, https:\/\/bota-dz.com\/shop\/wp-content\/uploads\/2025\/02\/shipped-150x150.png 150w, https:\/\/bota-dz.com\/shop\/wp-content\/uploads\/2025\/02\/shipped-430x430.png 430w, https:\/\/bota-dz.com\/shop\/wp-content\/uploads\/2025\/02\/shipped-64x64.png 64w\" sizes=\"(max-width: 512px) 100vw, 512px\" \/>\t\t\t\t\t<\/div>\n\n\t\t\t\t\t\t<\/div>\n\t\t\t\t<\/div>\n\t\t\t\t<\/div>\n\t\t<div class=\"elementor-element elementor-element-19c5ed4 e-con-full e-flex wd-section-disabled e-con e-child\" data-id=\"19c5ed4\" data-element_type=\"container\">\n\t\t\t\t<div class=\"elementor-element elementor-element-906f8dc elementor-widget__width-initial elementor-widget elementor-widget-wd_title\" data-id=\"906f8dc\" data-element_type=\"widget\" data-widget_type=\"wd_title.default\">\n\t\t\t\t<div class=\"elementor-widget-container\">\n\t\t\t\t\t\t\t<div class=\"title-wrapper set-mb-s reset-last-child wd-title-color-default wd-title-style-default wd-title-size-medium text-left\">\n\n\t\t\t\n\t\t\t<div class=\"liner-continer\">\n\t\t\t\t<h4 class=\"woodmart-title-container title wd-fontsize-xl\">Distribution de mat\u00e9riel m\u00e9dical<br \/>\n<\/h4> \n\t\t\t\t\t\t\t<\/div>\n\n\t\t\t\t\t\t\t<div class=\"title-after_title set-cont-mb-s reset-last-child wd-fontsize-s\">\n\t\t\t\t\t<p>Nous vous offrons une s\u00e9lection rigoureuse de produits, allant des dispositifs m\u00e9dicaux aux \u00e9quipements hospitaliers, en passant par les consommables et accessoires. Nos partenariats avec des fabricants reconnus nous permettent de vous garantir des produits fiables et innovants.<\/p>\t\t\t\t<\/div>\n\t\t\t\t\t<\/div>\n\t\t\t\t\t\t<\/div>\n\t\t\t\t<\/div>\n\t\t\t\t<\/div>\n\t\t\t\t\t<\/div>\n\t\t\t\t<\/div>\n\t\t<div class=\"elementor-element elementor-element-48f5321 e-flex e-con-boxed wd-section-disabled e-con e-parent\" data-id=\"48f5321\" data-element_type=\"container\">\n\t\t\t\t\t<div class=\"e-con-inner\">\n\t\t<div class=\"elementor-element elementor-element-992f16c e-con-full e-flex wd-section-disabled e-con e-child\" data-id=\"992f16c\" data-element_type=\"container\">\n\t\t\t\t<div class=\"elementor-element elementor-element-b0801f5 elementor-widget__width-initial elementor-widget elementor-widget-wd_title\" data-id=\"b0801f5\" data-element_type=\"widget\" data-widget_type=\"wd_title.default\">\n\t\t\t\t<div class=\"elementor-widget-container\">\n\t\t\t\t\t\t\t<div class=\"title-wrapper set-mb-s reset-last-child wd-title-color-default wd-title-style-default wd-title-size-medium text-left\">\n\n\t\t\t\n\t\t\t<div class=\"liner-continer\">\n\t\t\t\t<h4 class=\"woodmart-title-container title wd-fontsize-xl\">Conseil et Expertise<br \/>\n<\/h4> \n\t\t\t\t\t\t\t<\/div>\n\n\t\t\t\t\t\t\t<div class=\"title-after_title set-cont-mb-s reset-last-child wd-fontsize-s\">\n\t\t\t\t\t<p>Nos sp\u00e9cialistes sont \u00e0 votre \u00e9coute pour vous conseiller et vous orienter dans le choix du mat\u00e9riel le mieux adapt\u00e9 \u00e0 vos besoins et \u00e0 votre budget. Gr\u00e2ce \u00e0 une connaissance approfondie du secteur m\u00e9dical, nous vous apportons des solutions sur mesure qui optimisent vos pratiques et garantissent la s\u00e9curit\u00e9 de vos patients.<\/p>\t\t\t\t<\/div>\n\t\t\t\t\t<\/div>\n\t\t\t\t\t\t<\/div>\n\t\t\t\t<\/div>\n\t\t\t\t<\/div>\n\t\t<div class=\"elementor-element elementor-element-a4879ee e-con-full e-flex wd-section-disabled e-con e-child\" data-id=\"a4879ee\" data-element_type=\"container\">\n\t\t\t\t<div class=\"elementor-element elementor-element-da63ec8 elementor-widget elementor-widget-wd_image_or_svg\" data-id=\"da63ec8\" data-element_type=\"widget\" data-widget_type=\"wd_image_or_svg.default\">\n\t\t\t\t<div class=\"elementor-widget-container\">\n\t\t\t\t\t\n\t\t<div class=\"wd-image text-left\">\n\t\t\t\t\t\t\t\t<img decoding=\"async\" width=\"512\" height=\"512\" src=\"https:\/\/bota-dz.com\/shop\/wp-content\/uploads\/2025\/02\/conseil.png\" class=\"attachment-full size-full\" alt=\"\" srcset=\"https:\/\/bota-dz.com\/shop\/wp-content\/uploads\/2025\/02\/conseil.png 512w, https:\/\/bota-dz.com\/shop\/wp-content\/uploads\/2025\/02\/conseil-300x300.png 300w, https:\/\/bota-dz.com\/shop\/wp-content\/uploads\/2025\/02\/conseil-150x150.png 150w, https:\/\/bota-dz.com\/shop\/wp-content\/uploads\/2025\/02\/conseil-430x430.png 430w, https:\/\/bota-dz.com\/shop\/wp-content\/uploads\/2025\/02\/conseil-64x64.png 64w\" sizes=\"(max-width: 512px) 100vw, 512px\" \/>\t\t\t\t\t<\/div>\n\n\t\t\t\t\t\t<\/div>\n\t\t\t\t<\/div>\n\t\t\t\t<\/div>\n\t\t\t\t\t<\/div>\n\t\t\t\t<\/div>\n\t\t<div class=\"elementor-element elementor-element-01b1c38 e-flex e-con-boxed wd-section-disabled e-con e-parent\" data-id=\"01b1c38\" data-element_type=\"container\">\n\t\t\t\t\t<div class=\"e-con-inner\">\n\t\t<div class=\"elementor-element elementor-element-bc49079 e-con-full e-flex wd-section-disabled e-con e-child\" data-id=\"bc49079\" data-element_type=\"container\">\n\t\t\t\t<div class=\"elementor-element elementor-element-6a6592c elementor-widget elementor-widget-wd_image_or_svg\" data-id=\"6a6592c\" data-element_type=\"widget\" data-widget_type=\"wd_image_or_svg.default\">\n\t\t\t\t<div class=\"elementor-widget-container\">\n\t\t\t\t\t\n\t\t<div class=\"wd-image text-left\">\n\t\t\t\t\t\t\t\t<img decoding=\"async\" width=\"512\" height=\"512\" src=\"https:\/\/bota-dz.com\/shop\/wp-content\/uploads\/2025\/02\/entretien.png\" class=\"attachment-full size-full\" alt=\"\" srcset=\"https:\/\/bota-dz.com\/shop\/wp-content\/uploads\/2025\/02\/entretien.png 512w, https:\/\/bota-dz.com\/shop\/wp-content\/uploads\/2025\/02\/entretien-300x300.png 300w, https:\/\/bota-dz.com\/shop\/wp-content\/uploads\/2025\/02\/entretien-150x150.png 150w, https:\/\/bota-dz.com\/shop\/wp-content\/uploads\/2025\/02\/entretien-430x430.png 430w, https:\/\/bota-dz.com\/shop\/wp-content\/uploads\/2025\/02\/entretien-64x64.png 64w\" sizes=\"(max-width: 512px) 100vw, 512px\" \/>\t\t\t\t\t<\/div>\n\n\t\t\t\t\t\t<\/div>\n\t\t\t\t<\/div>\n\t\t\t\t<\/div>\n\t\t<div class=\"elementor-element elementor-element-dde948c e-con-full e-flex wd-section-disabled e-con e-child\" data-id=\"dde948c\" data-element_type=\"container\">\n\t\t\t\t<div class=\"elementor-element elementor-element-20abaf3 elementor-widget elementor-widget-wd_title\" data-id=\"20abaf3\" data-element_type=\"widget\" data-widget_type=\"wd_title.default\">\n\t\t\t\t<div class=\"elementor-widget-container\">\n\t\t\t\t\t\t\t<div class=\"title-wrapper set-mb-s reset-last-child wd-title-color-default wd-title-style-default wd-title-size-medium text-left\">\n\n\t\t\t\n\t\t\t<div class=\"liner-continer\">\n\t\t\t\t<h4 class=\"woodmart-title-container title wd-fontsize-xl\">Installation et Formation<\/h4> \n\t\t\t\t\t\t\t<\/div>\n\n\t\t\t\t\t\t\t<div class=\"title-after_title set-cont-mb-s reset-last-child wd-fontsize-s\">\n\t\t\t\t\t<p>Pour vous permettre de b\u00e9n\u00e9ficier pleinement de vos \u00e9quipements, nous proposons des services d\u2019installation et de formation. Nos \u00e9quipes techniques interviennent sur site pour assurer une installation conforme aux normes et vous former \u00e0 l\u2019utilisation optimale de vos appareils.<\/p>\t\t\t\t<\/div>\n\t\t\t\t\t<\/div>\n\t\t\t\t\t\t<\/div>\n\t\t\t\t<\/div>\n\t\t\t\t<\/div>\n\t\t\t\t\t<\/div>\n\t\t\t\t<\/div>\n\t\t<div class=\"elementor-element elementor-element-0723553 e-flex e-con-boxed wd-section-disabled e-con e-parent\" data-id=\"0723553\" data-element_type=\"container\">\n\t\t\t\t\t<div class=\"e-con-inner\">\n\t\t<div class=\"elementor-element elementor-element-3d81bf5 e-con-full e-flex wd-section-disabled e-con e-child\" data-id=\"3d81bf5\" data-element_type=\"container\">\n\t\t\t\t<div class=\"elementor-element elementor-element-63ba976 elementor-widget elementor-widget-wd_title\" data-id=\"63ba976\" data-element_type=\"widget\" data-widget_type=\"wd_title.default\">\n\t\t\t\t<div class=\"elementor-widget-container\">\n\t\t\t\t\t\t\t<div class=\"title-wrapper set-mb-s reset-last-child wd-title-color-default wd-title-style-default wd-title-size-medium text-left\">\n\n\t\t\t\n\t\t\t<div class=\"liner-continer\">\n\t\t\t\t<h4 class=\"woodmart-title-container title wd-fontsize-xl\">Maintenance et Service Apr\u00e8s-Vente<br \/>\n<\/h4> \n\t\t\t\t\t\t\t<\/div>\n\n\t\t\t\t\t\t\t<div class=\"title-after_title set-cont-mb-s reset-last-child wd-fontsize-s\">\n\t\t\t\t\t<p>La performance de vos appareils m\u00e9dicaux repose sur une maintenance r\u00e9guli\u00e8re et un support technique r\u00e9actif. Nous assurons un service apr\u00e8s-vente de qualit\u00e9 pour optimiser la dur\u00e9e de vie de vos \u00e9quipements et anticiper toute \u00e9ventualit\u00e9.<\/p>\t\t\t\t<\/div>\n\t\t\t\t\t<\/div>\n\t\t\t\t\t\t<\/div>\n\t\t\t\t<\/div>\n\t\t\t\t<\/div>\n\t\t<div class=\"elementor-element elementor-element-5ee240c e-con-full e-flex wd-section-disabled e-con e-child\" data-id=\"5ee240c\" data-element_type=\"container\">\n\t\t\t\t<div class=\"elementor-element elementor-element-1a50a61 elementor-widget elementor-widget-wd_image_or_svg\" data-id=\"1a50a61\" data-element_type=\"widget\" data-widget_type=\"wd_image_or_svg.default\">\n\t\t\t\t<div class=\"elementor-widget-container\">\n\t\t\t\t\t\n\t\t<div class=\"wd-image text-left\">\n\t\t\t\t\t\t\t\t<img loading=\"lazy\" decoding=\"async\" width=\"384\" height=\"384\" src=\"https:\/\/bota-dz.com\/shop\/wp-content\/uploads\/2025\/02\/appel-1.png\" class=\"attachment-full size-full\" alt=\"\" srcset=\"https:\/\/bota-dz.com\/shop\/wp-content\/uploads\/2025\/02\/appel-1.png 384w, https:\/\/bota-dz.com\/shop\/wp-content\/uploads\/2025\/02\/appel-1-300x300.png 300w, https:\/\/bota-dz.com\/shop\/wp-content\/uploads\/2025\/02\/appel-1-150x150.png 150w, https:\/\/bota-dz.com\/shop\/wp-content\/uploads\/2025\/02\/appel-1-64x64.png 64w\" sizes=\"(max-width: 384px) 100vw, 384px\" \/>\t\t\t\t\t<\/div>\n\n\t\t\t\t\t\t<\/div>\n\t\t\t\t<\/div>\n\t\t\t\t<\/div>\n\t\t\t\t\t<\/div>\n\t\t\t\t<\/div>\n\t\t<div class=\"elementor-element elementor-element-561fe79 e-con-full e-flex wd-section-disabled e-con e-parent\" data-id=\"561fe79\" data-element_type=\"container\">\n\t\t<div class=\"elementor-element elementor-element-9a15a31 e-con-full e-flex wd-section-disabled e-con e-child\" data-id=\"9a15a31\" data-element_type=\"container\">\n\t\t\t\t<div class=\"elementor-element elementor-element-be56ee6 elementor-widget elementor-widget-wd_image_or_svg\" data-id=\"be56ee6\" data-element_type=\"widget\" data-widget_type=\"wd_image_or_svg.default\">\n\t\t\t\t<div class=\"elementor-widget-container\">\n\t\t\t\t\t\n\t\t<div class=\"wd-image text-left\">\n\t\t\t\t\t\t\t\t<img loading=\"lazy\" decoding=\"async\" width=\"512\" height=\"512\" src=\"https:\/\/bota-dz.com\/shop\/wp-content\/uploads\/2025\/02\/qualite.png\" class=\"attachment-full size-full\" alt=\"\" srcset=\"https:\/\/bota-dz.com\/shop\/wp-content\/uploads\/2025\/02\/qualite.png 512w, https:\/\/bota-dz.com\/shop\/wp-content\/uploads\/2025\/02\/qualite-300x300.png 300w, https:\/\/bota-dz.com\/shop\/wp-content\/uploads\/2025\/02\/qualite-150x150.png 150w, https:\/\/bota-dz.com\/shop\/wp-content\/uploads\/2025\/02\/qualite-430x430.png 430w, https:\/\/bota-dz.com\/shop\/wp-content\/uploads\/2025\/02\/qualite-64x64.png 64w\" sizes=\"(max-width: 512px) 100vw, 512px\" \/>\t\t\t\t\t<\/div>\n\n\t\t\t\t\t\t<\/div>\n\t\t\t\t<\/div>\n\t\t\t\t<\/div>\n\t\t<div class=\"elementor-element elementor-element-8b57aa8 e-con-full e-flex wd-section-disabled e-con e-child\" data-id=\"8b57aa8\" data-element_type=\"container\">\n\t\t\t\t<div class=\"elementor-element elementor-element-938b7b6 elementor-widget elementor-widget-wd_title\" data-id=\"938b7b6\" data-element_type=\"widget\" data-widget_type=\"wd_title.default\">\n\t\t\t\t<div class=\"elementor-widget-container\">\n\t\t\t\t\t\t\t<div class=\"title-wrapper set-mb-s reset-last-child wd-title-color-default wd-title-style-default wd-title-size-medium text-left\">\n\n\t\t\t\n\t\t\t<div class=\"liner-continer\">\n\t\t\t\t<h4 class=\"woodmart-title-container title wd-fontsize-xl\">Engagement Qualit\u00e9<\/h4> \n\t\t\t\t\t\t\t<\/div>\n\n\t\t\t\t\t\t\t<div class=\"title-after_title set-cont-mb-s reset-last-child wd-fontsize-s\">\n\t\t\t\t\t<p><strong>La s\u00e9curit\u00e9 et la performance au c\u0153ur de nos priorit\u00e9s<\/strong><br \/>Chez <strong>Bota Medical<\/strong>, nous sommes engag\u00e9s \u00e0 fournir des produits et des services r\u00e9pondant aux plus hauts standards de qualit\u00e9 et de s\u00e9curit\u00e9. Notre d\u00e9marche s\u2019appuie sur :<\/p><ul><li><strong>La conformit\u00e9 aux normes<\/strong> : Des produits certifi\u00e9s et conformes aux exigences r\u00e9glementaires.<\/li><li><strong>L\u2019innovation<\/strong> : une veille technologique permanente pour vous proposer les derni\u00e8res avanc\u00e9es du secteur m\u00e9dical.<\/li><li><strong>La satisfaction client<\/strong> : un suivi personnalis\u00e9 pour assurer la r\u00e9ussite de chacun de vos projets.<\/li><\/ul>\t\t\t\t<\/div>\n\t\t\t\t\t<\/div>\n\t\t\t\t\t\t<\/div>\n\t\t\t\t<\/div>\n\t\t\t\t<\/div>\n\t\t\t\t<\/div>\n\t\t\t\t<\/div>\n\t\t","protected":false},"excerpt":{"rendered":"<p>Nos Services Chez Bota Medical, nous mettons notre expertise au service des professionnels de la sant\u00e9 pour vous proposer une<\/p>\n","protected":false},"author":3,"featured_media":0,"parent":0,"menu_order":0,"comment_status":"closed","ping_status":"closed","template":"","meta":{"footnotes":""},"class_list":["post-17149","page","type-page","status-publish","hentry"],"_links":{"self":[{"href":"https:\/\/bota-dz.com\/shop\/wp-json\/wp\/v2\/pages\/17149","targetHints":{"allow":["GET"]}}],"collection":[{"href":"https:\/\/bota-dz.com\/shop\/wp-json\/wp\/v2\/pages"}],"about":[{"href":"https:\/\/bota-dz.com\/shop\/wp-json\/wp\/v2\/types\/page"}],"author":[{"embeddable":true,"href":"https:\/\/bota-dz.com\/shop\/wp-json\/wp\/v2\/users\/3"}],"replies":[{"embeddable":true,"href":"https:\/\/bota-dz.com\/shop\/wp-json\/wp\/v2\/comments?post=17149"}],"version-history":[{"count":45,"href":"https:\/\/bota-dz.com\/shop\/wp-json\/wp\/v2\/pages\/17149\/revisions"}],"predecessor-version":[{"id":17267,"href":"https:\/\/bota-dz.com\/shop\/wp-json\/wp\/v2\/pages\/17149\/revisions\/17267"}],"wp:attachment":[{"href":"https:\/\/bota-dz.com\/shop\/wp-json\/wp\/v2\/media?parent=17149"}],"curies":[{"name":"wp","href":"https:\/\/api.w.org\/{rel}","templated":true}]}}