{"id":17411,"date":"2025-02-19T10:59:59","date_gmt":"2025-02-19T09:59:59","guid":{"rendered":"https:\/\/bota-dz.com\/shop\/?page_id=17411"},"modified":"2025-02-19T13:48:48","modified_gmt":"2025-02-19T12:48:48","slug":"livraison-installation","status":"publish","type":"page","link":"https:\/\/bota-dz.com\/shop\/livraison-installation\/","title":{"rendered":"Livraison &amp; Installation"},"content":{"rendered":"\t\t<div data-elementor-type=\"wp-page\" data-elementor-id=\"17411\" class=\"elementor elementor-17411\">\n\t\t\t\t<div class=\"elementor-element elementor-element-576753a e-con-full e-flex wd-section-disabled e-con e-parent\" data-id=\"576753a\" data-element_type=\"container\">\n\t\t<div class=\"elementor-element elementor-element-bd3a5ff e-con-full e-flex wd-section-disabled e-con e-child\" data-id=\"bd3a5ff\" data-element_type=\"container\">\n\t\t\t\t<div class=\"elementor-element elementor-element-289fb4a elementor-widget elementor-widget-wd_image_or_svg\" data-id=\"289fb4a\" data-element_type=\"widget\" data-widget_type=\"wd_image_or_svg.default\">\n\t\t\t\t<div class=\"elementor-widget-container\">\n\t\t\t\t\t\n\t\t<div class=\"wd-image text-left\">\n\t\t\t\t\t\t\t\t<img fetchpriority=\"high\" decoding=\"async\" width=\"1160\" height=\"1740\" src=\"https:\/\/bota-dz.com\/shop\/wp-content\/uploads\/2025\/02\/web-site.jpg\" class=\"attachment-full size-full\" alt=\"\" srcset=\"https:\/\/bota-dz.com\/shop\/wp-content\/uploads\/2025\/02\/web-site.jpg 1160w, https:\/\/bota-dz.com\/shop\/wp-content\/uploads\/2025\/02\/web-site-200x300.jpg 200w, https:\/\/bota-dz.com\/shop\/wp-content\/uploads\/2025\/02\/web-site-533x800.jpg 533w, https:\/\/bota-dz.com\/shop\/wp-content\/uploads\/2025\/02\/web-site-768x1152.jpg 768w, https:\/\/bota-dz.com\/shop\/wp-content\/uploads\/2025\/02\/web-site-1024x1536.jpg 1024w, https:\/\/bota-dz.com\/shop\/wp-content\/uploads\/2025\/02\/web-site-860x1290.jpg 860w, https:\/\/bota-dz.com\/shop\/wp-content\/uploads\/2025\/02\/web-site-430x645.jpg 430w, https:\/\/bota-dz.com\/shop\/wp-content\/uploads\/2025\/02\/web-site-700x1050.jpg 700w, https:\/\/bota-dz.com\/shop\/wp-content\/uploads\/2025\/02\/web-site-150x225.jpg 150w, https:\/\/bota-dz.com\/shop\/wp-content\/uploads\/2025\/02\/web-site-64x96.jpg 64w\" sizes=\"(max-width: 1160px) 100vw, 1160px\" \/>\t\t\t\t\t<\/div>\n\n\t\t\t\t\t\t<\/div>\n\t\t\t\t<\/div>\n\t\t\t\t<\/div>\n\t\t<div class=\"elementor-element elementor-element-b383aeb e-con-full e-flex wd-section-disabled e-con e-child\" data-id=\"b383aeb\" data-element_type=\"container\">\n\t\t<div class=\"elementor-element elementor-element-7753eef e-con-full e-flex wd-section-disabled e-con e-child\" data-id=\"7753eef\" data-element_type=\"container\">\n\t\t\t\t<div class=\"elementor-element elementor-element-4f92371 elementor-widget__width-initial elementor-widget elementor-widget-wd_title\" data-id=\"4f92371\" data-element_type=\"widget\" data-widget_type=\"wd_title.default\">\n\t\t\t\t<div class=\"elementor-widget-container\">\n\t\t\t\t\t\t\t<div class=\"title-wrapper set-mb-s reset-last-child wd-title-color-default wd-title-style-default wd-title-size-default text-left\">\n\n\t\t\t\t\t\t\t<div class=\"title-subtitle subtitle-color-default subtitle-style-default wd-fontsize-xs\">\n\t\t\t\t\tBOTA Medical - LIVRAISON &amp; INSTALLATION\t\t\t\t<\/div>\n\t\t\t\n\t\t\t<div class=\"liner-continer\">\n\t\t\t\t<h4 class=\"woodmart-title-container title wd-fontsize-l\">Des \u00e9quipements m\u00e9dicaux livr\u00e9s et install\u00e9s avec pr\u00e9cision, partout en Alg\u00e9rie<\/h4> \n\t\t\t\t\t\t\t<\/div>\n\n\t\t\t\t\t\t\t<div class=\"title-after_title set-cont-mb-s reset-last-child wd-fontsize-xs\">\n\t\t\t\t\t<p>Chez\u00a0<strong>BOTA M\u00e9dicale<\/strong>, nous savons que la\u00a0<strong>rapidit\u00e9 de la livraison<\/strong>, la\u00a0<strong>s\u00e9curit\u00e9 du transport<\/strong>\u00a0et la\u00a0<strong>qualit\u00e9 de l\u2019installation<\/strong>\u00a0sont essentielles pour vos activit\u00e9s m\u00e9dicales.<\/p><p>C\u2019est pourquoi nous mettons tout en \u0153uvre pour vous offrir un service complet, de la commande \u00e0 la mise en service, en respectant les normes sanitaires et vos exigences op\u00e9rationnelles.<\/p>\t\t\t\t<\/div>\n\t\t\t\t\t<\/div>\n\t\t\t\t\t\t<\/div>\n\t\t\t\t<\/div>\n\t\t\t\t<\/div>\n\t\t<div class=\"elementor-element elementor-element-11859da e-con-full e-flex wd-section-disabled e-con e-child\" data-id=\"11859da\" data-element_type=\"container\">\n\t\t\t\t<div class=\"elementor-element elementor-element-6591617 elementor-widget elementor-widget-wd_title\" data-id=\"6591617\" data-element_type=\"widget\" data-widget_type=\"wd_title.default\">\n\t\t\t\t<div class=\"elementor-widget-container\">\n\t\t\t\t\t\t\t<div class=\"title-wrapper set-mb-s reset-last-child wd-title-color-default wd-title-style-default wd-title-size-default text-left\">\n\n\t\t\t\n\t\t\t<div class=\"liner-continer\">\n\t\t\t\t<h4 class=\"woodmart-title-container title wd-fontsize-l\">NOS ENGAGEMENTS<\/h4> \n\t\t\t\t\t\t\t<\/div>\n\n\t\t\t\t\t\t\t<div class=\"title-after_title set-cont-mb-s reset-last-child wd-fontsize-xs\">\n\t\t\t\t\t<p>\u2013 <strong>D\u00e9lai de livraison optimis\u00e9<\/strong> : respect des d\u00e9lais annonc\u00e9s, m\u00eame pour les r\u00e9gions \u00e9loign\u00e9es.<br \/>\u2013 <strong>Installation professionnelle<\/strong> : par des techniciens certifi\u00e9s, avec <strong>pr\u00e9installation <\/strong>en atelier pour gagner du temps.<br \/>\u2013 <strong>Transport s\u00e9curis\u00e9<\/strong> : mat\u00e9riel prot\u00e9g\u00e9 sous des conditions optimales (temp\u00e9rature, humidit\u00e9, anti-chocs).<br \/>\u2013 <strong>Orientation client<\/strong> : formation et conseils pour une prise en main rapide de vos \u00e9quipements.<\/p>\t\t\t\t<\/div>\n\t\t\t\t\t<\/div>\n\t\t\t\t\t\t<\/div>\n\t\t\t\t<\/div>\n\t\t\t\t<\/div>\n\t\t\t\t<\/div>\n\t\t\t\t<\/div>\n\t\t<div class=\"elementor-element elementor-element-fa17c53 e-flex e-con-boxed wd-section-disabled e-con e-parent\" data-id=\"fa17c53\" data-element_type=\"container\">\n\t\t\t\t\t<div class=\"e-con-inner\">\n\t\t\t\t<div class=\"elementor-element elementor-element-b3c257b elementor-widget elementor-widget-wd_infobox_carousel\" data-id=\"b3c257b\" data-element_type=\"widget\" data-widget_type=\"wd_infobox_carousel.default\">\n\t\t\t\t<div class=\"elementor-widget-container\">\n\t\t\t\t\t\t\t<div class=\"wd-carousel-container info-box-carousel-wrapper wd-carousel-spacing-30\" data-owl-carousel data-speed=\"\" data-slides_per_view_tablet='{\"size\":\"\"}' data-slides_per_view_mobile='{\"size\":\"\"}' data-wrap=\"no\" data-hide_pagination_control=\"no\" data-hide_prev_next_buttons=\"no\" data-desktop=\"3\" data-tablet_landscape=\"3\" data-tablet=\"2\" data-mobile=\"1\">\n\t\t\t<div class=\"owl-carousel wd-owl info-box-carousel owl-items-lg-3 owl-items-md-3 owl-items-sm-2 owl-items-xs-1\">\n\t\t\t\t\t\t\t\t\t\t\t\t\t\t\t\t<div class=\"info-box-wrapper\">\n\t\t\t<div class=\"wd-info-box text-center box-icon-align-top box-style-base color-scheme-  elementor-repeater-item-50b9643 cursor-pointer\" onclick=\"window.location.href='#'\" style=\"\">\n\t\t\t\t\t\t\t\t\t<div class=\"box-icon-wrapper  box-with-icon box-icon-simple\">\n\t\t\t\t\t\t<div class=\"info-box-icon\">\n\t\t\t\t\t\t\t\t\t\t\t\t\t\t\t<img decoding=\"async\" width=\"150\" height=\"150\" src=\"https:\/\/bota-dz.com\/shop\/wp-content\/uploads\/2025\/02\/package-150x150.png\" class=\"attachment-thumbnail size-thumbnail\" alt=\"\" srcset=\"https:\/\/bota-dz.com\/shop\/wp-content\/uploads\/2025\/02\/package-150x150.png 150w, https:\/\/bota-dz.com\/shop\/wp-content\/uploads\/2025\/02\/package-300x300.png 300w, https:\/\/bota-dz.com\/shop\/wp-content\/uploads\/2025\/02\/package-430x430.png 430w, https:\/\/bota-dz.com\/shop\/wp-content\/uploads\/2025\/02\/package-64x64.png 64w, https:\/\/bota-dz.com\/shop\/wp-content\/uploads\/2025\/02\/package.png 512w\" sizes=\"(max-width: 150px) 100vw, 150px\" \/>\t\t\t\t\t\t\t\t\t\t\t\t\t<\/div>\n\t\t\t\t\t<\/div>\n\t\t\t\t\n\t\t\t\t<div class=\"info-box-content\">\n\t\t\t\t\t\n\t\t\t\t\t\t\t\t\t\t\t<h4\t\t\t\t\t\tclass=\"info-box-title title box-title-style-default wd-fontsize-m\" data-elementor-setting-key=\"title\">\n\t\t\t\t\t\t\t\tPR\u00c9PARATION ET CONDITIONNEMENT SP\u00c9CIALIS\u00c9\t\t\t\t\t\t<\/h4>\n\t\t\t\t\t\n\t\t\t\t\t<div class=\"info-box-inner set-cont-mb-s reset-last-child\"data-elementor-setting-key=\"content\"><p><strong data-start=\"638\" data-end=\"669\">Pr\u00e9-assemblage en atelier :<\/strong> Assemblage partiel des \u00e9quipements pour minimiser le temps d'installation sur site.<\/p>\n<p><strong data-start=\"756\" data-end=\"782\">Emballage sur mesure :<\/strong> Utilisation de mat\u00e9riaux de protection haut de gamme (anti-chocs, isolation thermique, etc.) pour pr\u00e9server l\u2019int\u00e9grit\u00e9 des appareils sensibles.<\/p>\n<p><strong data-start=\"930\" data-end=\"961\">Contr\u00f4le qualit\u00e9 renforc\u00e9 :<\/strong> V\u00e9rifications pr\u00e9alables rigoureuses pour s'assurer que chaque \u00e9quipement r\u00e9pond aux normes avant exp\u00e9dition.<\/p>\n<\/div>\n\t\n\t\t\t\t\t\t\t\t\t<\/div>\n\t\t\t<\/div>\n\t\t<\/div>\n\t\t\t\t\t\t\t\t\t\t\t\t\t\t\t\t\t\t<div class=\"info-box-wrapper\">\n\t\t\t<div class=\"wd-info-box text-center box-icon-align-top box-style-base color-scheme-  elementor-repeater-item-e1e1d80 cursor-pointer\" onclick=\"window.location.href='#'\" style=\"\">\n\t\t\t\t\t\t\t\t\t<div class=\"box-icon-wrapper  box-with-icon box-icon-simple\">\n\t\t\t\t\t\t<div class=\"info-box-icon\">\n\t\t\t\t\t\t\t\t\t\t\t\t\t\t\t<img decoding=\"async\" width=\"150\" height=\"150\" src=\"https:\/\/bota-dz.com\/shop\/wp-content\/uploads\/2025\/02\/task-150x150.png\" class=\"attachment-thumbnail size-thumbnail\" alt=\"\" srcset=\"https:\/\/bota-dz.com\/shop\/wp-content\/uploads\/2025\/02\/task-150x150.png 150w, https:\/\/bota-dz.com\/shop\/wp-content\/uploads\/2025\/02\/task-300x300.png 300w, https:\/\/bota-dz.com\/shop\/wp-content\/uploads\/2025\/02\/task-430x430.png 430w, https:\/\/bota-dz.com\/shop\/wp-content\/uploads\/2025\/02\/task-64x64.png 64w, https:\/\/bota-dz.com\/shop\/wp-content\/uploads\/2025\/02\/task.png 512w\" sizes=\"(max-width: 150px) 100vw, 150px\" \/>\t\t\t\t\t\t\t\t\t\t\t\t\t<\/div>\n\t\t\t\t\t<\/div>\n\t\t\t\t\n\t\t\t\t<div class=\"info-box-content\">\n\t\t\t\t\t\n\t\t\t\t\t\t\t\t\t\t\t<h4\t\t\t\t\t\tclass=\"info-box-title title box-title-style-default wd-fontsize-m\" data-elementor-setting-key=\"title\">\n\t\t\t\t\t\t\t\tPLANIFICATION ET COORDINATION PERSONNALIS\u00c9E\t\t\t\t\t\t<\/h4>\n\t\t\t\t\t\n\t\t\t\t\t<div class=\"info-box-inner set-cont-mb-s reset-last-child\"data-elementor-setting-key=\"content\"><p><strong data-start=\"200\" data-end=\"225\">Analyse des besoins :<\/strong> \u00e9valuation approfondie des exigences du client et des contraintes logistiques.<\/p>\n<p><strong data-start=\"307\" data-end=\"338\">Planification strat\u00e9gique :<\/strong> \u00e9laboration d\u2019un calendrier de livraison adapt\u00e9 aux disponibilit\u00e9s et aux imp\u00e9ratifs du site.<\/p>\n<p><strong data-start=\"435\" data-end=\"467\">Coordination interservices :<\/strong> collaboration \u00e9troite entre les \u00e9quipes logistiques, techniques et de maintenance pour garantir une livraison fluide.<\/p>\n<\/div>\n\t\n\t\t\t\t\t\t\t\t\t<\/div>\n\t\t\t<\/div>\n\t\t<\/div>\n\t\t\t\t\t\t\t\t\t\t\t\t\t\t\t\t\t\t<div class=\"info-box-wrapper\">\n\t\t\t<div class=\"wd-info-box text-center box-icon-align-top box-style-base color-scheme-  elementor-repeater-item-350aff0 cursor-pointer\" onclick=\"window.location.href='#'\" style=\"\">\n\t\t\t\t\t\t\t\t\t<div class=\"box-icon-wrapper  box-with-icon box-icon-simple\">\n\t\t\t\t\t\t<div class=\"info-box-icon\">\n\t\t\t\t\t\t\t\t\t\t\t\t\t\t\t<img loading=\"lazy\" decoding=\"async\" width=\"150\" height=\"150\" src=\"https:\/\/bota-dz.com\/shop\/wp-content\/uploads\/2025\/02\/easy-installation-150x150.png\" class=\"attachment-thumbnail size-thumbnail\" alt=\"\" srcset=\"https:\/\/bota-dz.com\/shop\/wp-content\/uploads\/2025\/02\/easy-installation-150x150.png 150w, https:\/\/bota-dz.com\/shop\/wp-content\/uploads\/2025\/02\/easy-installation-300x300.png 300w, https:\/\/bota-dz.com\/shop\/wp-content\/uploads\/2025\/02\/easy-installation-430x430.png 430w, https:\/\/bota-dz.com\/shop\/wp-content\/uploads\/2025\/02\/easy-installation-64x64.png 64w, https:\/\/bota-dz.com\/shop\/wp-content\/uploads\/2025\/02\/easy-installation.png 512w\" sizes=\"(max-width: 150px) 100vw, 150px\" \/>\t\t\t\t\t\t\t\t\t\t\t\t\t<\/div>\n\t\t\t\t\t<\/div>\n\t\t\t\t\n\t\t\t\t<div class=\"info-box-content\">\n\t\t\t\t\t\n\t\t\t\t\t\t\t\t\t\t\t<h4\t\t\t\t\t\tclass=\"info-box-title title box-title-style-default wd-fontsize-m\" data-elementor-setting-key=\"title\">\n\t\t\t\t\t\t\t\tINSTALLATION ET VALIDATION TECHNIQUE SUR SITE\t\t\t\t\t\t<\/h4>\n\t\t\t\t\t\n\t\t\t\t\t<div class=\"info-box-inner set-cont-mb-s reset-last-child\"data-elementor-setting-key=\"content\"><p><strong data-start=\"1584\" data-end=\"1622\">D\u00e9ploiement d\u2019\u00e9quipes certifi\u00e9es :<\/strong> intervention d\u2019une \u00e9quipe technique d\u00e9di\u00e9e pour le raccordement et l\u2019installation des \u00e9quipements.<\/p>\n<p><strong data-start=\"1724\" data-end=\"1759\">Mise en service personnalis\u00e9e :<\/strong> r\u00e9alisation des branchements \u00e9lectriques, configurations logicielles et tests de performance sur site.<\/p>\n<p><strong data-start=\"1865\" data-end=\"1896\">Validation et calibration :<\/strong> v\u00e9rification de la conformit\u00e9 aux normes de s\u00e9curit\u00e9 et calibration des appareils pour une performance optimale.<\/p>\n<\/div>\n\t\n\t\t\t\t\t\t\t\t\t<\/div>\n\t\t\t<\/div>\n\t\t<\/div>\n\t\t\t\t\t\t\t\t\t<\/div>\n\t\t<\/div>\n\t\t\t\t\t\t<\/div>\n\t\t\t\t<\/div>\n\t\t\t\t\t<\/div>\n\t\t\t\t<\/div>\n\t\t\t\t<\/div>\n\t\t","protected":false},"excerpt":{"rendered":"<p>BOTA Medical &#8211; LIVRAISON &amp; INSTALLATION Des \u00e9quipements m\u00e9dicaux livr\u00e9s et install\u00e9s avec pr\u00e9cision, partout en Alg\u00e9rie Chez\u00a0BOTA M\u00e9dicale, nous<\/p>\n","protected":false},"author":3,"featured_media":0,"parent":0,"menu_order":0,"comment_status":"closed","ping_status":"closed","template":"","meta":{"footnotes":""},"class_list":["post-17411","page","type-page","status-publish","hentry"],"_links":{"self":[{"href":"https:\/\/bota-dz.com\/shop\/wp-json\/wp\/v2\/pages\/17411","targetHints":{"allow":["GET"]}}],"collection":[{"href":"https:\/\/bota-dz.com\/shop\/wp-json\/wp\/v2\/pages"}],"about":[{"href":"https:\/\/bota-dz.com\/shop\/wp-json\/wp\/v2\/types\/page"}],"author":[{"embeddable":true,"href":"https:\/\/bota-dz.com\/shop\/wp-json\/wp\/v2\/users\/3"}],"replies":[{"embeddable":true,"href":"https:\/\/bota-dz.com\/shop\/wp-json\/wp\/v2\/comments?post=17411"}],"version-history":[{"count":34,"href":"https:\/\/bota-dz.com\/shop\/wp-json\/wp\/v2\/pages\/17411\/revisions"}],"predecessor-version":[{"id":17519,"href":"https:\/\/bota-dz.com\/shop\/wp-json\/wp\/v2\/pages\/17411\/revisions\/17519"}],"wp:attachment":[{"href":"https:\/\/bota-dz.com\/shop\/wp-json\/wp\/v2\/media?parent=17411"}],"curies":[{"name":"wp","href":"https:\/\/api.w.org\/{rel}","templated":true}]}}