{"id":17480,"date":"2025-02-19T12:50:19","date_gmt":"2025-02-19T11:50:19","guid":{"rendered":"https:\/\/bota-dz.com\/shop\/?page_id=17480"},"modified":"2025-02-19T13:32:56","modified_gmt":"2025-02-19T12:32:56","slug":"equipements-medicaux","status":"publish","type":"page","link":"https:\/\/bota-dz.com\/shop\/equipements-medicaux\/","title":{"rendered":"\u00c9quipements m\u00e9dicaux"},"content":{"rendered":"\t\t<div data-elementor-type=\"wp-page\" data-elementor-id=\"17480\" class=\"elementor elementor-17480\">\n\t\t\t\t<div class=\"elementor-element elementor-element-b392fa5 e-con-full e-flex wd-section-disabled e-con e-parent\" data-id=\"b392fa5\" data-element_type=\"container\">\n\t\t<div class=\"elementor-element elementor-element-9389eba e-con-full e-flex wd-section-disabled e-con e-child\" data-id=\"9389eba\" data-element_type=\"container\">\n\t\t\t\t<div class=\"elementor-element elementor-element-601e5b2 elementor-widget elementor-widget-wd_image_or_svg\" data-id=\"601e5b2\" data-element_type=\"widget\" data-widget_type=\"wd_image_or_svg.default\">\n\t\t\t\t<div class=\"elementor-widget-container\">\n\t\t\t\t\t\n\t\t<div class=\"wd-image text-left\">\n\t\t\t\t\t\t\t\t<img fetchpriority=\"high\" decoding=\"async\" width=\"1160\" height=\"1624\" src=\"https:\/\/bota-dz.com\/shop\/wp-content\/uploads\/2025\/02\/1739964412772.jpg\" class=\"attachment-full size-full\" alt=\"\" srcset=\"https:\/\/bota-dz.com\/shop\/wp-content\/uploads\/2025\/02\/1739964412772.jpg 1160w, https:\/\/bota-dz.com\/shop\/wp-content\/uploads\/2025\/02\/1739964412772-214x300.jpg 214w, https:\/\/bota-dz.com\/shop\/wp-content\/uploads\/2025\/02\/1739964412772-571x800.jpg 571w, https:\/\/bota-dz.com\/shop\/wp-content\/uploads\/2025\/02\/1739964412772-768x1075.jpg 768w, https:\/\/bota-dz.com\/shop\/wp-content\/uploads\/2025\/02\/1739964412772-1097x1536.jpg 1097w, https:\/\/bota-dz.com\/shop\/wp-content\/uploads\/2025\/02\/1739964412772-860x1204.jpg 860w, https:\/\/bota-dz.com\/shop\/wp-content\/uploads\/2025\/02\/1739964412772-430x602.jpg 430w, https:\/\/bota-dz.com\/shop\/wp-content\/uploads\/2025\/02\/1739964412772-700x980.jpg 700w, https:\/\/bota-dz.com\/shop\/wp-content\/uploads\/2025\/02\/1739964412772-150x210.jpg 150w, https:\/\/bota-dz.com\/shop\/wp-content\/uploads\/2025\/02\/1739964412772-64x90.jpg 64w\" sizes=\"(max-width: 1160px) 100vw, 1160px\" \/>\t\t\t\t\t<\/div>\n\n\t\t\t\t\t\t<\/div>\n\t\t\t\t<\/div>\n\t\t\t\t<\/div>\n\t\t<div class=\"elementor-element elementor-element-e987339 e-con-full e-flex wd-section-disabled e-con e-child\" data-id=\"e987339\" data-element_type=\"container\">\n\t\t<div class=\"elementor-element elementor-element-2d8424a e-con-full e-flex wd-section-disabled e-con e-child\" data-id=\"2d8424a\" data-element_type=\"container\">\n\t\t\t\t<div class=\"elementor-element elementor-element-91caa90 elementor-widget__width-initial elementor-widget elementor-widget-wd_title\" data-id=\"91caa90\" data-element_type=\"widget\" data-widget_type=\"wd_title.default\">\n\t\t\t\t<div class=\"elementor-widget-container\">\n\t\t\t\t\t\t\t<div class=\"title-wrapper set-mb-s reset-last-child wd-title-color-default wd-title-style-default wd-title-size-default text-left\">\n\n\t\t\t\t\t\t\t<div class=\"title-subtitle subtitle-color-default subtitle-style-default wd-fontsize-xs\">\n\t\t\t\t\tBOTA Medical \u2013 \u00c9quipements m\u00e9dicaux\t\t\t\t<\/div>\n\t\t\t\n\t\t\t<div class=\"liner-continer\">\n\t\t\t\t<h4 class=\"woodmart-title-container title wd-fontsize-l\">Des solutions m\u00e9dicales de pointe pour des soins de qualit\u00e9<br \/>\n<\/h4> \n\t\t\t\t\t\t\t<\/div>\n\n\t\t\t\t\t\t\t<div class=\"title-after_title set-cont-mb-s reset-last-child wd-fontsize-xs\">\n\t\t\t\t\t<p>Chez\u00a0<strong>BOTA M\u00e9dicale<\/strong>, nous distribuons une large gamme d\u2019\u00e9quipements m\u00e9dicaux, allant des appareils de diagnostic aux instruments de traitement, en passant par les accessoires et consommables. Notre mission : fournir aux professionnels de sant\u00e9 des outils fiables, performants et conformes aux normes internationales, pour garantir des soins optimaux \u00e0 vos patients.<\/p>\t\t\t\t<\/div>\n\t\t\t\t\t<\/div>\n\t\t\t\t\t\t<\/div>\n\t\t\t\t<\/div>\n\t\t\t\t<\/div>\n\t\t<div class=\"elementor-element elementor-element-3c8a4ff e-con-full e-flex wd-section-disabled e-con e-child\" data-id=\"3c8a4ff\" data-element_type=\"container\">\n\t\t\t\t<div class=\"elementor-element elementor-element-e05f5c0 elementor-widget elementor-widget-wd_title\" data-id=\"e05f5c0\" data-element_type=\"widget\" data-widget_type=\"wd_title.default\">\n\t\t\t\t<div class=\"elementor-widget-container\">\n\t\t\t\t\t\t\t<div class=\"title-wrapper set-mb-s reset-last-child wd-title-color-default wd-title-style-default wd-title-size-default text-left\">\n\n\t\t\t\n\t\t\t<div class=\"liner-continer\">\n\t\t\t\t<h4 class=\"woodmart-title-container title wd-fontsize-l\">POURQUOI CHOISIR BOTA M\u00c9DICALE ?<\/h4> \n\t\t\t\t\t\t\t<\/div>\n\n\t\t\t\t\t\t\t<div class=\"title-after_title set-cont-mb-s reset-last-child wd-fontsize-xs\">\n\t\t\t\t\t<p>\u2013 <strong>Gamme compl\u00e8te<\/strong> : des \u00e9quipements de diagnostic, de traitement et de soutien.<br \/>\u2013 <strong>Conformit\u00e9 garantie<\/strong> : Normes CE, FDA et certifications MSP (Minist\u00e8re de la Sant\u00e9 publique).<br \/>\u2013 <strong>Livraison et installation<\/strong> : service cl\u00e9 en main, avec formation du personnel.<br \/>- <strong>Maintenance et SAV<\/strong>\u00a0: Contrats de maintenance pr\u00e9ventive et assistance technique 24h\/24.<\/p>\t\t\t\t<\/div>\n\t\t\t\t\t<\/div>\n\t\t\t\t\t\t<\/div>\n\t\t\t\t<\/div>\n\t\t\t\t<\/div>\n\t\t\t\t<\/div>\n\t\t\t\t<\/div>\n\t\t<div class=\"elementor-element elementor-element-3658477 e-flex e-con-boxed wd-section-disabled e-con e-parent\" data-id=\"3658477\" data-element_type=\"container\">\n\t\t\t\t\t<div class=\"e-con-inner\">\n\t\t\t\t<div class=\"elementor-element elementor-element-6d35fe9 elementor-widget elementor-widget-wd_infobox_carousel\" data-id=\"6d35fe9\" data-element_type=\"widget\" data-widget_type=\"wd_infobox_carousel.default\">\n\t\t\t\t<div class=\"elementor-widget-container\">\n\t\t\t\t\t\t\t<div class=\"wd-carousel-container info-box-carousel-wrapper wd-carousel-spacing-30\" data-owl-carousel data-speed=\"\" data-slides_per_view_tablet='{\"size\":\"\"}' data-slides_per_view_mobile='{\"size\":\"\"}' data-wrap=\"no\" data-hide_pagination_control=\"no\" data-hide_prev_next_buttons=\"no\" data-desktop=\"3\" data-tablet_landscape=\"3\" data-tablet=\"2\" data-mobile=\"1\">\n\t\t\t<div class=\"owl-carousel wd-owl info-box-carousel owl-items-lg-3 owl-items-md-3 owl-items-sm-2 owl-items-xs-1\">\n\t\t\t\t\t\t\t\t\t\t\t\t\t\t\t\t<div class=\"info-box-wrapper\">\n\t\t\t<div class=\"wd-info-box text-center box-icon-align-top box-style-base color-scheme-  elementor-repeater-item-7e41d44 cursor-pointer\" onclick=\"window.location.href='#'\" style=\"\">\n\t\t\t\t\t\t\t\t\t<div class=\"box-icon-wrapper  box-with-icon box-icon-simple\">\n\t\t\t\t\t\t<div class=\"info-box-icon\">\n\t\t\t\t\t\t\t\t\t\t\t\t\t\t\t<img decoding=\"async\" width=\"150\" height=\"150\" src=\"https:\/\/bota-dz.com\/shop\/wp-content\/uploads\/2025\/02\/diagnostic-150x150.png\" class=\"attachment-thumbnail size-thumbnail\" alt=\"\" srcset=\"https:\/\/bota-dz.com\/shop\/wp-content\/uploads\/2025\/02\/diagnostic-150x150.png 150w, https:\/\/bota-dz.com\/shop\/wp-content\/uploads\/2025\/02\/diagnostic-300x300.png 300w, https:\/\/bota-dz.com\/shop\/wp-content\/uploads\/2025\/02\/diagnostic-430x430.png 430w, https:\/\/bota-dz.com\/shop\/wp-content\/uploads\/2025\/02\/diagnostic-64x64.png 64w, https:\/\/bota-dz.com\/shop\/wp-content\/uploads\/2025\/02\/diagnostic.png 512w\" sizes=\"(max-width: 150px) 100vw, 150px\" \/>\t\t\t\t\t\t\t\t\t\t\t\t\t<\/div>\n\t\t\t\t\t<\/div>\n\t\t\t\t\n\t\t\t\t<div class=\"info-box-content\">\n\t\t\t\t\t\n\t\t\t\t\t\t\t\t\t\t\t<h4\t\t\t\t\t\tclass=\"info-box-title title box-title-style-default wd-fontsize-m\" data-elementor-setting-key=\"title\">\n\t\t\t\t\t\t\t\t\u00c9QUIPEMENTS DE DIAGNOSTIC\t\t\t\t\t\t<\/h4>\n\t\t\t\t\t\n\t\t\t\t\t<div class=\"info-box-inner set-cont-mb-s reset-last-child\"data-elementor-setting-key=\"content\"><p><strong>Imagerie m\u00e9dicale<\/strong>\u00a0: IRM, scanners, \u00e9chographes, radiographie num\u00e9rique.<\/p>\n<p><strong>Analyse de laboratoire<\/strong>\u00a0: Analyseurs biochimiques, automates d\u2019h\u00e9matologie, spectrophotom\u00e8tres.<\/p>\n<p><strong>Monitoring patient<\/strong>\u00a0: Moniteurs multiparam\u00e8tres, \u00e9lectrocardiographes (ECG), oxym\u00e8tres de pouls.<\/p>\n<\/div>\n\t\n\t\t\t\t\t\t\t\t\t<\/div>\n\t\t\t<\/div>\n\t\t<\/div>\n\t\t\t\t\t\t\t\t\t\t\t\t\t\t\t\t\t\t<div class=\"info-box-wrapper\">\n\t\t\t<div class=\"wd-info-box text-center box-icon-align-top box-style-base color-scheme-  elementor-repeater-item-895ee33 cursor-pointer\" onclick=\"window.location.href='#'\" style=\"\">\n\t\t\t\t\t\t\t\t\t<div class=\"box-icon-wrapper  box-with-icon box-icon-simple\">\n\t\t\t\t\t\t<div class=\"info-box-icon\">\n\t\t\t\t\t\t\t\t\t\t\t\t\t\t\t<img decoding=\"async\" width=\"150\" height=\"150\" src=\"https:\/\/bota-dz.com\/shop\/wp-content\/uploads\/2025\/02\/diagnostic-2-150x150.png\" class=\"attachment-thumbnail size-thumbnail\" alt=\"\" srcset=\"https:\/\/bota-dz.com\/shop\/wp-content\/uploads\/2025\/02\/diagnostic-2-150x150.png 150w, https:\/\/bota-dz.com\/shop\/wp-content\/uploads\/2025\/02\/diagnostic-2-300x300.png 300w, https:\/\/bota-dz.com\/shop\/wp-content\/uploads\/2025\/02\/diagnostic-2-430x430.png 430w, https:\/\/bota-dz.com\/shop\/wp-content\/uploads\/2025\/02\/diagnostic-2-64x64.png 64w, https:\/\/bota-dz.com\/shop\/wp-content\/uploads\/2025\/02\/diagnostic-2.png 512w\" sizes=\"(max-width: 150px) 100vw, 150px\" \/>\t\t\t\t\t\t\t\t\t\t\t\t\t<\/div>\n\t\t\t\t\t<\/div>\n\t\t\t\t\n\t\t\t\t<div class=\"info-box-content\">\n\t\t\t\t\t\n\t\t\t\t\t\t\t\t\t\t\t<h4\t\t\t\t\t\tclass=\"info-box-title title box-title-style-default wd-fontsize-m\" data-elementor-setting-key=\"title\">\n\t\t\t\t\t\t\t\t\u00c9QUIPEMENTS DE TRAITEMENT ET R\u00c9ANIMATION\t\t\t\t\t\t<\/h4>\n\t\t\t\t\t\n\t\t\t\t\t<div class=\"info-box-inner set-cont-mb-s reset-last-child\"data-elementor-setting-key=\"content\"><p><strong>R\u00e9animation<\/strong> : respirateurs, d\u00e9fibrillateurs, pompes \u00e0 perfusion.<\/p>\n<p><strong>Chirurgie<\/strong> : tables d\u2019op\u00e9ration, lampes chirurgicales, \u00e9lectrochirurgie.<\/p>\n<p><strong>St\u00e9rilisation<\/strong> : autoclaves, laveurs-d\u00e9sinfecteurs, st\u00e9rilisateurs \u00e0 plasma.<\/p>\n<\/div>\n\t\n\t\t\t\t\t\t\t\t\t<\/div>\n\t\t\t<\/div>\n\t\t<\/div>\n\t\t\t\t\t\t\t\t\t\t\t\t\t\t\t\t\t\t<div class=\"info-box-wrapper\">\n\t\t\t<div class=\"wd-info-box text-center box-icon-align-top box-style-base color-scheme-  elementor-repeater-item-03f7306 cursor-pointer\" onclick=\"window.location.href='#'\" style=\"\">\n\t\t\t\t\t\t\t\t\t<div class=\"box-icon-wrapper  box-with-icon box-icon-simple\">\n\t\t\t\t\t\t<div class=\"info-box-icon\">\n\t\t\t\t\t\t\t\t\t\t\t\t\t\t\t<img loading=\"lazy\" decoding=\"async\" width=\"150\" height=\"150\" src=\"https:\/\/bota-dz.com\/shop\/wp-content\/uploads\/2025\/02\/diagnostic-3-bis-150x150.png\" class=\"attachment-thumbnail size-thumbnail\" alt=\"\" srcset=\"https:\/\/bota-dz.com\/shop\/wp-content\/uploads\/2025\/02\/diagnostic-3-bis-150x150.png 150w, https:\/\/bota-dz.com\/shop\/wp-content\/uploads\/2025\/02\/diagnostic-3-bis-300x300.png 300w, https:\/\/bota-dz.com\/shop\/wp-content\/uploads\/2025\/02\/diagnostic-3-bis-430x430.png 430w, https:\/\/bota-dz.com\/shop\/wp-content\/uploads\/2025\/02\/diagnostic-3-bis-64x64.png 64w, https:\/\/bota-dz.com\/shop\/wp-content\/uploads\/2025\/02\/diagnostic-3-bis.png 512w\" sizes=\"(max-width: 150px) 100vw, 150px\" \/>\t\t\t\t\t\t\t\t\t\t\t\t\t<\/div>\n\t\t\t\t\t<\/div>\n\t\t\t\t\n\t\t\t\t<div class=\"info-box-content\">\n\t\t\t\t\t\n\t\t\t\t\t\t\t\t\t\t\t<h4\t\t\t\t\t\tclass=\"info-box-title title box-title-style-default wd-fontsize-m\" data-elementor-setting-key=\"title\">\n\t\t\t\t\t\t\t\tMOBILIER ET ACCESSOIRES M\u00c9DICAUX\t\t\t\t\t\t<\/h4>\n\t\t\t\t\t\n\t\t\t\t\t<div class=\"info-box-inner set-cont-mb-s reset-last-child\"data-elementor-setting-key=\"content\"><p><strong>Lits m\u00e9dicalis\u00e9s<\/strong> : lits \u00e9lectriques, lits de soins intensifs, lits p\u00e9diatriques.<\/p>\n<p><strong>Fauteuils et chaises<\/strong> : fauteuils de dialyse, chaises de soins, fauteuils roulants.<\/p>\n<p><strong>Consommables<\/strong> : cath\u00e9ters, seringues, gants, masques et autres fournitures essentielles.<\/p>\n<\/div>\n\t\n\t\t\t\t\t\t\t\t\t<\/div>\n\t\t\t<\/div>\n\t\t<\/div>\n\t\t\t\t\t\t\t\t\t<\/div>\n\t\t<\/div>\n\t\t\t\t\t\t<\/div>\n\t\t\t\t<\/div>\n\t\t\t\t\t<\/div>\n\t\t\t\t<\/div>\n\t\t\t\t<\/div>\n\t\t","protected":false},"excerpt":{"rendered":"<p>BOTA Medical \u2013 \u00c9quipements m\u00e9dicaux Des solutions m\u00e9dicales de pointe pour des soins de qualit\u00e9 Chez\u00a0BOTA M\u00e9dicale, nous distribuons une<\/p>\n","protected":false},"author":3,"featured_media":0,"parent":0,"menu_order":0,"comment_status":"closed","ping_status":"closed","template":"","meta":{"footnotes":""},"class_list":["post-17480","page","type-page","status-publish","hentry"],"_links":{"self":[{"href":"https:\/\/bota-dz.com\/shop\/wp-json\/wp\/v2\/pages\/17480","targetHints":{"allow":["GET"]}}],"collection":[{"href":"https:\/\/bota-dz.com\/shop\/wp-json\/wp\/v2\/pages"}],"about":[{"href":"https:\/\/bota-dz.com\/shop\/wp-json\/wp\/v2\/types\/page"}],"author":[{"embeddable":true,"href":"https:\/\/bota-dz.com\/shop\/wp-json\/wp\/v2\/users\/3"}],"replies":[{"embeddable":true,"href":"https:\/\/bota-dz.com\/shop\/wp-json\/wp\/v2\/comments?post=17480"}],"version-history":[{"count":25,"href":"https:\/\/bota-dz.com\/shop\/wp-json\/wp\/v2\/pages\/17480\/revisions"}],"predecessor-version":[{"id":17515,"href":"https:\/\/bota-dz.com\/shop\/wp-json\/wp\/v2\/pages\/17480\/revisions\/17515"}],"wp:attachment":[{"href":"https:\/\/bota-dz.com\/shop\/wp-json\/wp\/v2\/media?parent=17480"}],"curies":[{"name":"wp","href":"https:\/\/api.w.org\/{rel}","templated":true}]}}