{"id":119,"date":"2023-12-03T21:11:21","date_gmt":"2023-12-03T20:11:21","guid":{"rendered":"https:\/\/bota-dz.com\/shop\/?post_type=product&#038;p=119"},"modified":"2025-01-20T11:48:34","modified_gmt":"2025-01-20T10:48:34","slug":"tensiometre-electronique","status":"publish","type":"product","link":"https:\/\/bota-dz.com\/shop\/produits\/medecine-generale\/tensiometre-electronique\/","title":{"rendered":"Tensiom\u00e8tre \u00e9l\u00e9ctronique"},"content":{"rendered":"<p><span style=\"vertical-align: inherit\"><span style=\"vertical-align: inherit\">Tensiom\u00e8tre \u00e9lectronique<\/span><\/span><\/p>\n<p><span style=\"vertical-align: inherit\"><span style=\"vertical-align: inherit\">Accuro<\/span><\/span><\/p>\n","protected":false},"excerpt":{"rendered":"<p>Tensiom\u00e8tre \u00e9l\u00e9ctronique<\/p>\n<p>Accuro<\/p>\n","protected":false},"featured_media":16955,"comment_status":"open","ping_status":"closed","template":"","meta":[],"product_brand":[],"product_cat":[21],"product_tag":[],"class_list":{"0":"post-119","1":"product","2":"type-product","3":"status-publish","4":"has-post-thumbnail","6":"product_cat-medecine-generale","8":"first","9":"instock","10":"taxable","11":"shipping-taxable","12":"product-type-simple"},"_links":{"self":[{"href":"https:\/\/bota-dz.com\/shop\/wp-json\/wp\/v2\/product\/119","targetHints":{"allow":["GET"]}}],"collection":[{"href":"https:\/\/bota-dz.com\/shop\/wp-json\/wp\/v2\/product"}],"about":[{"href":"https:\/\/bota-dz.com\/shop\/wp-json\/wp\/v2\/types\/product"}],"replies":[{"embeddable":true,"href":"https:\/\/bota-dz.com\/shop\/wp-json\/wp\/v2\/comments?post=119"}],"version-history":[{"count":2,"href":"https:\/\/bota-dz.com\/shop\/wp-json\/wp\/v2\/product\/119\/revisions"}],"predecessor-version":[{"id":16957,"href":"https:\/\/bota-dz.com\/shop\/wp-json\/wp\/v2\/product\/119\/revisions\/16957"}],"wp:featuredmedia":[{"embeddable":true,"href":"https:\/\/bota-dz.com\/shop\/wp-json\/wp\/v2\/media\/16955"}],"wp:attachment":[{"href":"https:\/\/bota-dz.com\/shop\/wp-json\/wp\/v2\/media?parent=119"}],"wp:term":[{"taxonomy":"product_brand","embeddable":true,"href":"https:\/\/bota-dz.com\/shop\/wp-json\/wp\/v2\/product_brand?post=119"},{"taxonomy":"product_cat","embeddable":true,"href":"https:\/\/bota-dz.com\/shop\/wp-json\/wp\/v2\/product_cat?post=119"},{"taxonomy":"product_tag","embeddable":true,"href":"https:\/\/bota-dz.com\/shop\/wp-json\/wp\/v2\/product_tag?post=119"}],"curies":[{"name":"wp","href":"https:\/\/api.w.org\/{rel}","templated":true}]}}