{"id":16033,"date":"2023-12-19T18:57:35","date_gmt":"2023-12-19T17:57:35","guid":{"rendered":"https:\/\/bota-dz.com\/shop\/?post_type=product&#038;p=16033"},"modified":"2025-01-19T16:24:48","modified_gmt":"2025-01-19T15:24:48","slug":"pistolet-desinfectant","status":"publish","type":"product","link":"https:\/\/bota-dz.com\/shop\/produits\/medecine-generale\/pistolet-desinfectant\/","title":{"rendered":"Pistolet d\u00e9sinfectant"},"content":{"rendered":"<div>\n<p><span data-spm-anchor-id=\"a2g0o.detail.1000023.i0.76d7CwD4CwD4fG\"><span style=\"vertical-align: inherit\"><span style=\"vertical-align: inherit\">Nom du produit: pistolet de pulv\u00e9risation Nano<\/span><\/span><\/span><\/p>\n<p><span style=\"vertical-align: inherit\"><span style=\"vertical-align: inherit\">Mod\u00e8le: K5<\/span><\/span><\/p>\n<p><span style=\"vertical-align: inherit\"><span style=\"vertical-align: inherit\">Poids brut du produit: 650g<\/span><\/span><\/p>\n<p><span style=\"vertical-align: inherit\"><span style=\"vertical-align: inherit\">Tension de fonctionnement: cc 3.7V<\/span><\/span><\/p>\n<p><span style=\"vertical-align: inherit\"><span style=\"vertical-align: inherit\">Capacit\u00e9 de la batterie : 1200MAH<\/span><\/span><\/p>\n<p><span style=\"vertical-align: inherit\"><span style=\"vertical-align: inherit\">Tension de charge : DC5V\/1A<\/span><\/span><\/p>\n<p><span style=\"vertical-align: inherit\"><span style=\"vertical-align: inherit\">Puissance: 15W<\/span><\/span><\/p>\n<p><span style=\"vertical-align: inherit\"><span style=\"vertical-align: inherit\">Volume de la bouteille: 380ML<\/span><\/span><\/p>\n<p><span style=\"vertical-align: inherit\"><span style=\"vertical-align: inherit\">Distance de pulv\u00e9risation : 1-1,5 m\u00e8tres<\/span><\/span><\/p>\n<p><span style=\"vertical-align: inherit\"><span style=\"vertical-align: inherit\">Pr\u00e9cautions pour une utilisation en toute s\u00e9curit\u00e9<\/span><\/span><\/p>\n<p><span style=\"vertical-align: inherit\"><span style=\"vertical-align: inherit\">Pour vous assurer que vous utilisez correctement ce produit, veuillez lire attentivement toutes les pr\u00e9cautions de s\u00e9curit\u00e9 avant de l&#8217;utiliser. Les pr\u00e9cautions de s\u00e9curit\u00e9 peuvent vous aider \u00e0 utiliser ce produit correctement pour \u00e9viter<\/span><\/span><\/p>\n<p><span style=\"vertical-align: inherit\"><span style=\"vertical-align: inherit\">Blessures personnelles ou dommages mat\u00e9riels \u00e0 vous ou \u00e0 d&#8217;autres personnes. Le contenu des pr\u00e9cautions de s\u00e9curit\u00e9 est le suivant, veuillez suivre les r\u00e8gles applicables des pr\u00e9cautions de s\u00e9curit\u00e9<\/span><\/span><\/p>\n<\/div>\n<div>\n<div><\/div>\n<\/div>\n","protected":false},"excerpt":{"rendered":"[video width=\"540\" height=\"952\" mp4=\"https:\/\/bota-dz.com\/shop\/wp-content\/uploads\/2023\/12\/EVXF2eUAP86jZEybkky_316120349558_mp4_265_sd-1.mp4\"][\/video]\n","protected":false},"featured_media":16940,"comment_status":"open","ping_status":"closed","template":"","meta":[],"product_brand":[],"product_cat":[21],"product_tag":[],"class_list":{"0":"post-16033","1":"product","2":"type-product","3":"status-publish","4":"has-post-thumbnail","6":"product_cat-medecine-generale","8":"first","9":"instock","10":"taxable","11":"shipping-taxable","12":"product-type-simple"},"_links":{"self":[{"href":"https:\/\/bota-dz.com\/shop\/wp-json\/wp\/v2\/product\/16033","targetHints":{"allow":["GET"]}}],"collection":[{"href":"https:\/\/bota-dz.com\/shop\/wp-json\/wp\/v2\/product"}],"about":[{"href":"https:\/\/bota-dz.com\/shop\/wp-json\/wp\/v2\/types\/product"}],"replies":[{"embeddable":true,"href":"https:\/\/bota-dz.com\/shop\/wp-json\/wp\/v2\/comments?post=16033"}],"version-history":[{"count":2,"href":"https:\/\/bota-dz.com\/shop\/wp-json\/wp\/v2\/product\/16033\/revisions"}],"predecessor-version":[{"id":16943,"href":"https:\/\/bota-dz.com\/shop\/wp-json\/wp\/v2\/product\/16033\/revisions\/16943"}],"wp:featuredmedia":[{"embeddable":true,"href":"https:\/\/bota-dz.com\/shop\/wp-json\/wp\/v2\/media\/16940"}],"wp:attachment":[{"href":"https:\/\/bota-dz.com\/shop\/wp-json\/wp\/v2\/media?parent=16033"}],"wp:term":[{"taxonomy":"product_brand","embeddable":true,"href":"https:\/\/bota-dz.com\/shop\/wp-json\/wp\/v2\/product_brand?post=16033"},{"taxonomy":"product_cat","embeddable":true,"href":"https:\/\/bota-dz.com\/shop\/wp-json\/wp\/v2\/product_cat?post=16033"},{"taxonomy":"product_tag","embeddable":true,"href":"https:\/\/bota-dz.com\/shop\/wp-json\/wp\/v2\/product_tag?post=16033"}],"curies":[{"name":"wp","href":"https:\/\/api.w.org\/{rel}","templated":true}]}}