{"id":16045,"date":"2023-12-19T19:34:26","date_gmt":"2023-12-19T18:34:26","guid":{"rendered":"https:\/\/bota-dz.com\/shop\/?post_type=product&#038;p=16045"},"modified":"2025-01-05T11:16:43","modified_gmt":"2025-01-05T10:16:43","slug":"echographe-monobloc-multidisciplinaire-emp-g71","status":"publish","type":"product","link":"https:\/\/bota-dz.com\/shop\/produits\/imagerie-medical\/echographe-monobloc-multidisciplinaire-emp-g71\/","title":{"rendered":"Echographe monobloc &#8211; EMP G71"},"content":{"rendered":"<h2>TECHNOLOGIES<\/h2>\n<h3>Optimisation De La Cl\u00e9 ESpeed \u200b\u200bOne<\/h3>\n<p>Ajustement acoustique automatique pour une image optimale gr\u00e2ce au traitement intelligent des donn\u00e9es multicanal et r\u00e9trospectif<\/p>\n<h3>Imagerie Harmonique Tissulaire ETHI<\/h3>\n<p>L&#8217;imagerie du signal harmonique utilise les \u00e9chos des tissus pour am\u00e9liorer efficacement la force du signal, supprimer les interf\u00e9rences sonores et \u00e9liminer les pseudo-lobes secondaires. La technologie d&#8217;imagerie donne une image claire tandis que la nettet\u00e9 des bords est plus \u00e9vidente. Il am\u00e9liore consid\u00e9rablement l&#8217;affichage des petites structures de la tumeur \u00e0 un stade pr\u00e9coce.<\/p>\n<h3>Imagerie Panoramique EView<\/h3>\n<p>Avec le mouvement de la sonde, la vitesse d&#8217;assemblage du balayage est affich\u00e9e en temps r\u00e9el et l&#8217;image \u00e0 champ de vision ultra large form\u00e9e par la piste de balayage de la sonde est obtenue.<\/p>\n<h3>Imagerie Compos\u00e9e De Fr\u00e9quence EFCI<\/h3>\n<p>Fournit une imagerie \u00e0 haute r\u00e9solution \u00e0 diff\u00e9rentes profondeurs en permettant la transmission simultan\u00e9e de hautes et basses fr\u00e9quences d&#8217;\u00e9cho.<\/p>\n<h3>Imagerie Compos\u00e9e Spatiale ESCI<\/h3>\n<p>Un certain nombre d&#8217;images ultrasonores tomographiques coplanaires d&#8217;un objet sont obtenues \u00e0 partir de diff\u00e9rentes directions pour former une seule image compos\u00e9e. Son r\u00e9sultat montrerait une r\u00e9duction significative du chatoiement, de l&#8217;encombrement et d&#8217;autres artefacts acoustiques.<\/p>\n<p><img fetchpriority=\"high\" decoding=\"async\" class=\" wp-image-16050 aligncenter\" src=\"https:\/\/bota-dz.com\/shop\/wp-content\/uploads\/2023\/12\/17026343405480164-400x226.jpeg\" alt=\"\" width=\"1151\" height=\"650\" srcset=\"https:\/\/bota-dz.com\/shop\/wp-content\/uploads\/2023\/12\/17026343405480164-400x226.jpeg 400w, https:\/\/bota-dz.com\/shop\/wp-content\/uploads\/2023\/12\/17026343405480164-430x243.jpeg 430w, https:\/\/bota-dz.com\/shop\/wp-content\/uploads\/2023\/12\/17026343405480164-150x85.jpeg 150w, https:\/\/bota-dz.com\/shop\/wp-content\/uploads\/2023\/12\/17026343405480164-700x395.jpeg 700w, https:\/\/bota-dz.com\/shop\/wp-content\/uploads\/2023\/12\/17026343405480164-64x36.jpeg 64w, https:\/\/bota-dz.com\/shop\/wp-content\/uploads\/2023\/12\/17026343405480164-1300x734.jpeg 1300w, https:\/\/bota-dz.com\/shop\/wp-content\/uploads\/2023\/12\/17026343405480164-768x434.jpeg 768w, https:\/\/bota-dz.com\/shop\/wp-content\/uploads\/2023\/12\/17026343405480164-1536x867.jpeg 1536w, https:\/\/bota-dz.com\/shop\/wp-content\/uploads\/2023\/12\/17026343405480164-860x486.jpeg 860w, https:\/\/bota-dz.com\/shop\/wp-content\/uploads\/2023\/12\/17026343405480164.jpeg 1920w\" sizes=\"(max-width: 1151px) 100vw, 1151px\" \/><\/p>\n","protected":false},"excerpt":{"rendered":"<p>TECHNOLOGIES Optimisation De La Cl\u00e9 ESpeed \u200b\u200bOne Ajustement acoustique automatique pour une image optimale gr\u00e2ce au traitement intelligent des donn\u00e9es<\/p>\n","protected":false},"featured_media":16641,"comment_status":"open","ping_status":"closed","template":"","meta":[],"product_brand":[],"product_cat":[19],"product_tag":[],"class_list":{"0":"post-16045","1":"product","2":"type-product","3":"status-publish","4":"has-post-thumbnail","6":"product_cat-imagerie-medical","8":"first","9":"instock","10":"taxable","11":"shipping-taxable","12":"product-type-simple"},"_links":{"self":[{"href":"https:\/\/bota-dz.com\/shop\/wp-json\/wp\/v2\/product\/16045","targetHints":{"allow":["GET"]}}],"collection":[{"href":"https:\/\/bota-dz.com\/shop\/wp-json\/wp\/v2\/product"}],"about":[{"href":"https:\/\/bota-dz.com\/shop\/wp-json\/wp\/v2\/types\/product"}],"replies":[{"embeddable":true,"href":"https:\/\/bota-dz.com\/shop\/wp-json\/wp\/v2\/comments?post=16045"}],"version-history":[{"count":4,"href":"https:\/\/bota-dz.com\/shop\/wp-json\/wp\/v2\/product\/16045\/revisions"}],"predecessor-version":[{"id":16644,"href":"https:\/\/bota-dz.com\/shop\/wp-json\/wp\/v2\/product\/16045\/revisions\/16644"}],"wp:featuredmedia":[{"embeddable":true,"href":"https:\/\/bota-dz.com\/shop\/wp-json\/wp\/v2\/media\/16641"}],"wp:attachment":[{"href":"https:\/\/bota-dz.com\/shop\/wp-json\/wp\/v2\/media?parent=16045"}],"wp:term":[{"taxonomy":"product_brand","embeddable":true,"href":"https:\/\/bota-dz.com\/shop\/wp-json\/wp\/v2\/product_brand?post=16045"},{"taxonomy":"product_cat","embeddable":true,"href":"https:\/\/bota-dz.com\/shop\/wp-json\/wp\/v2\/product_cat?post=16045"},{"taxonomy":"product_tag","embeddable":true,"href":"https:\/\/bota-dz.com\/shop\/wp-json\/wp\/v2\/product_tag?post=16045"}],"curies":[{"name":"wp","href":"https:\/\/api.w.org\/{rel}","templated":true}]}}