{"id":16709,"date":"2025-01-05T12:29:40","date_gmt":"2025-01-05T11:29:40","guid":{"rendered":"https:\/\/bota-dz.com\/shop\/?post_type=product&#038;p=16709"},"modified":"2025-03-06T12:42:06","modified_gmt":"2025-03-06T11:42:06","slug":"mammographe-dm-166","status":"publish","type":"product","link":"https:\/\/bota-dz.com\/shop\/produits\/imagerie-medical\/mammographe-dm-166\/","title":{"rendered":"Mammographe &#8211; DM 166"},"content":{"rendered":"<ul>\n<li>\n<h4><span style=\"color: #ff0000\"><strong>Conception centr\u00e9e sur le patient<\/strong><\/span><\/h4>\n<\/li>\n<\/ul>\n<p><span style=\"color: #000000\">La grande amplitude de mouvement permet des examens de<br \/>\nmammographie pour diff\u00e9rents patients.<\/span><\/p>\n<ul>\n<li>\n<h4><strong><span style=\"color: #ff0000\">Gestion de dose de haute qualit\u00e9<\/span><\/strong><\/h4>\n<\/li>\n<\/ul>\n<p>La structure de l&#8217;\u00e9lectro-colimateur intelligent avec des droits<br \/>\nde propri\u00e9t\u00e9 intellectuelle ind\u00e9pendants am\u00e9liore l&#8217;efficacit\u00e9 de<br \/>\nconversion des rayons X et r\u00e9duit la dose<\/p>\n<ul>\n<li>\n<h4><span style=\"color: #ff0000\"><strong>Syst\u00e8me de contr\u00f4le d&#8217;exposition automatique (AEC)<\/strong><\/span><\/h4>\n<\/li>\n<\/ul>\n<p>La nouvelle g\u00e9n\u00e9ration de mammographie num\u00e9rique adopte<br \/>\nle syst\u00e8me AEC brevet\u00e9 qui ajuste automatiquement les param\u00e8tres<br \/>\nd&#8217;exposition selon l&#8217;\u00e9paisseur et la densit\u00e9 des glandes pour garantir<br \/>\nune excellente qualit\u00e9 d&#8217;image<\/p>\n<ul>\n<li>\n<h4><span style=\"color: #ff0000\"><strong>Compression intelligente et flexible<\/strong><\/span><\/h4>\n<\/li>\n<\/ul>\n<p>La plaque de compression en mat\u00e9riau transparent am\u00e9liore la<br \/>\nr\u00e9solution spatiale de l&#8217;image mammographique et rapproche<br \/>\nle sein de la r\u00e9ception de l&#8217;image pour am\u00e9liorer la qualit\u00e9 de l&#8217;image<\/p>\n","protected":false},"excerpt":{"rendered":"<p>Le mod\u00e8le <strong>DM166<\/strong> est un syst\u00e8me de mammographie num\u00e9rique d\u00e9velopp\u00e9 par Shenzhen Angell Technology Co., Ltd., sp\u00e9cialis\u00e9 dans les technologies d&#8217;imagerie m\u00e9dicale.<\/p>\n<p>Utilisation d&#8217;un d\u00e9tecteur \u00e0 panneau plat de grande taille, coordonn\u00e9 avec un tube \u00e0 rayons X en molybd\u00e8ne (Mo) ou en tungst\u00e8ne (W), permettant une imagerie haute r\u00e9solution pour identifier les microcalcifications et les masses avec une pr\u00e9cision accrue.<\/p>\n<p>syst\u00e8me brevet\u00e9 de contr\u00f4le automatique de l&#8217;exposition (AEC) ajustant automatiquement les param\u00e8tres en fonction de l&#8217;\u00e9paisseur et de la densit\u00e9 des glandes, garantissant une qualit\u00e9 d&#8217;image exceptionnelle.<\/p>\n","protected":false},"featured_media":16710,"comment_status":"open","ping_status":"closed","template":"","meta":[],"product_brand":[],"product_cat":[19],"product_tag":[],"class_list":{"0":"post-16709","1":"product","2":"type-product","3":"status-publish","4":"has-post-thumbnail","6":"product_cat-imagerie-medical","8":"first","9":"instock","10":"taxable","11":"shipping-taxable","12":"product-type-simple"},"_links":{"self":[{"href":"https:\/\/bota-dz.com\/shop\/wp-json\/wp\/v2\/product\/16709","targetHints":{"allow":["GET"]}}],"collection":[{"href":"https:\/\/bota-dz.com\/shop\/wp-json\/wp\/v2\/product"}],"about":[{"href":"https:\/\/bota-dz.com\/shop\/wp-json\/wp\/v2\/types\/product"}],"replies":[{"embeddable":true,"href":"https:\/\/bota-dz.com\/shop\/wp-json\/wp\/v2\/comments?post=16709"}],"version-history":[{"count":4,"href":"https:\/\/bota-dz.com\/shop\/wp-json\/wp\/v2\/product\/16709\/revisions"}],"predecessor-version":[{"id":17561,"href":"https:\/\/bota-dz.com\/shop\/wp-json\/wp\/v2\/product\/16709\/revisions\/17561"}],"wp:featuredmedia":[{"embeddable":true,"href":"https:\/\/bota-dz.com\/shop\/wp-json\/wp\/v2\/media\/16710"}],"wp:attachment":[{"href":"https:\/\/bota-dz.com\/shop\/wp-json\/wp\/v2\/media?parent=16709"}],"wp:term":[{"taxonomy":"product_brand","embeddable":true,"href":"https:\/\/bota-dz.com\/shop\/wp-json\/wp\/v2\/product_brand?post=16709"},{"taxonomy":"product_cat","embeddable":true,"href":"https:\/\/bota-dz.com\/shop\/wp-json\/wp\/v2\/product_cat?post=16709"},{"taxonomy":"product_tag","embeddable":true,"href":"https:\/\/bota-dz.com\/shop\/wp-json\/wp\/v2\/product_tag?post=16709"}],"curies":[{"name":"wp","href":"https:\/\/api.w.org\/{rel}","templated":true}]}}