{"id":16751,"date":"2025-01-05T13:33:07","date_gmt":"2025-01-05T12:33:07","guid":{"rendered":"https:\/\/bota-dz.com\/shop\/?post_type=product&#038;p=16751"},"modified":"2025-03-06T12:25:16","modified_gmt":"2025-03-06T11:25:16","slug":"laser-holmium-160-w","status":"publish","type":"product","link":"https:\/\/bota-dz.com\/shop\/produits\/bloc-operatoire\/laser-holmium-160-w\/","title":{"rendered":"Laser Holmium &#8211; 160 W"},"content":{"rendered":"<ul>\n<li>\n<h4><span style=\"color: #ff0000\"><strong>Puissance \u00e9lev\u00e9e (160 W)<\/strong><\/span><\/h4>\n<\/li>\n<\/ul>\n<p>Le laser Holmium HP Series 3 offre une puissance allant jusqu&#8217;\u00e0<br \/>\n160 W, ce qui en fait l&#8217;un des lasers les plus puissants disponibles.<\/p>\n<ul>\n<li>\n<h4><span style=\"color: #ff0000\"><strong>\u00c9nergie de pulse ajustable<\/strong><\/span><\/h4>\n<\/li>\n<\/ul>\n<p><span style=\"color: #000000\">L&#8217;\u00e9nergie de pulse peut \u00eatre r\u00e9gl\u00e9e entre 0,1 et 8,0 J, offrant une<br \/>\ngrande flexibilit\u00e9 pour diff\u00e9rentes proc\u00e9dures m\u00e9dicales.<\/span><\/p>\n<ul>\n<li>\n<h4><strong><span style=\"color: #ff0000\">Fr\u00e9quence de R\u00e9p\u00e9tition \u00c9lev\u00e9e<\/span><\/strong><\/h4>\n<\/li>\n<\/ul>\n<p>La fr\u00e9quence de r\u00e9p\u00e9tition peut atteindre 120Hz, permettant une<br \/>\nperformance rapide et efficace lors des interventions.<br \/>\nCela r\u00e9duit le temps total de l&#8217;op\u00e9ration et am\u00e9liore l&#8217;efficacit\u00e9 du<br \/>\ntraitement.<\/p>\n<ul>\n<li>\n<h4><span style=\"color: #ff0000\"><strong>Technologie Double Pulse Cannon<\/strong><\/span><\/h4>\n<\/li>\n<\/ul>\n<p>Cette technologie permet un contr\u00f4le pr\u00e9cis et la multiplication<br \/>\ndes fr\u00e9quences de pulse, offrant une meilleure efficacit\u00e9 pour<br \/>\nles traitements de l&#8217;hyperplasie b\u00e9nigne de la prostate (BPH)<br \/>\net la fragmentation des calculs. Elle permet \u00e9galement une<br \/>\ncoagulation simultan\u00e9e et une coupe efficace.<\/p>\n<ul>\n<li>\n<h4><strong><span style=\"color: #ff0000\">Fonctionnement Silencieux<\/span><\/strong><\/h4>\n<\/li>\n<\/ul>\n<p>Le laser fonctionne silencieusement, cr\u00e9ant un environnement<br \/>\nchirurgical id\u00e9al et r\u00e9duisant le stress pour le patient et l&#8217;\u00e9quipe<br \/>\nm\u00e9dicale.<\/p>\n","protected":false},"excerpt":{"rendered":"<p>Le HP 160+ est dot\u00e9 de la technologie Cannon Double Pulse qui permet un contr\u00f4le pr\u00e9cis et la multiplication des fr\u00e9quences d&#8217;impulsion et des dur\u00e9es d&#8217;impulsion plus longues.<\/p>\n<p>Il combine la puissance de l&#8217;holmium avec des capacit\u00e9s de d\u00e9poussi\u00e9rage similaires \u00e0 celles du TFL, offrant une efficacit\u00e9 am\u00e9lior\u00e9e du traitement de l&#8217;HBP et une efficacit\u00e9 de fragmentation des calculs.<\/p>\n","protected":false},"featured_media":16752,"comment_status":"open","ping_status":"closed","template":"","meta":[],"product_brand":[],"product_cat":[18,27],"product_tag":[],"class_list":{"0":"post-16751","1":"product","2":"type-product","3":"status-publish","4":"has-post-thumbnail","6":"product_cat-bloc-operatoire","7":"product_cat-laser","9":"first","10":"instock","11":"taxable","12":"shipping-taxable","13":"product-type-simple"},"_links":{"self":[{"href":"https:\/\/bota-dz.com\/shop\/wp-json\/wp\/v2\/product\/16751","targetHints":{"allow":["GET"]}}],"collection":[{"href":"https:\/\/bota-dz.com\/shop\/wp-json\/wp\/v2\/product"}],"about":[{"href":"https:\/\/bota-dz.com\/shop\/wp-json\/wp\/v2\/types\/product"}],"replies":[{"embeddable":true,"href":"https:\/\/bota-dz.com\/shop\/wp-json\/wp\/v2\/comments?post=16751"}],"version-history":[{"count":5,"href":"https:\/\/bota-dz.com\/shop\/wp-json\/wp\/v2\/product\/16751\/revisions"}],"predecessor-version":[{"id":17558,"href":"https:\/\/bota-dz.com\/shop\/wp-json\/wp\/v2\/product\/16751\/revisions\/17558"}],"wp:featuredmedia":[{"embeddable":true,"href":"https:\/\/bota-dz.com\/shop\/wp-json\/wp\/v2\/media\/16752"}],"wp:attachment":[{"href":"https:\/\/bota-dz.com\/shop\/wp-json\/wp\/v2\/media?parent=16751"}],"wp:term":[{"taxonomy":"product_brand","embeddable":true,"href":"https:\/\/bota-dz.com\/shop\/wp-json\/wp\/v2\/product_brand?post=16751"},{"taxonomy":"product_cat","embeddable":true,"href":"https:\/\/bota-dz.com\/shop\/wp-json\/wp\/v2\/product_cat?post=16751"},{"taxonomy":"product_tag","embeddable":true,"href":"https:\/\/bota-dz.com\/shop\/wp-json\/wp\/v2\/product_tag?post=16751"}],"curies":[{"name":"wp","href":"https:\/\/api.w.org\/{rel}","templated":true}]}}