{"id":16764,"date":"2025-01-05T13:40:36","date_gmt":"2025-01-05T12:40:36","guid":{"rendered":"https:\/\/bota-dz.com\/shop\/?post_type=product&#038;p=16764"},"modified":"2025-03-06T12:11:40","modified_gmt":"2025-03-06T11:11:40","slug":"laser-thulium","status":"publish","type":"product","link":"https:\/\/bota-dz.com\/shop\/produits\/bloc-operatoire\/laser-thulium\/","title":{"rendered":"Laser Thulium"},"content":{"rendered":"<h4><span style=\"color: #ff0000\"><strong>Traitement de l&#8217;HBP<\/strong><\/span><\/h4>\n<p>La longueur d\u2019onde d\u2019absorption optimale<br \/>\net les impulsions ultra-longues du TFL permettant<br \/>\nUn contr\u00f4le pr\u00e9cis de l\u2019apport et de l\u2019absorption<br \/>\nD&#8217;\u00e9nergie.<\/p>\n<h4><span style=\"color: #ff0000\"><strong>Lithotripsie au laser<\/strong><\/span><\/h4>\n<p>PulseMaster obtient des effets de d\u00e9poussi\u00e9rage<br \/>\nimpressionnants \u00e0 tr\u00e8s faible puissance, produisant<br \/>\nDes particules plus fines.<\/p>\n<h4><span style=\"color: #ff0000\"><strong>Tissus mous<\/strong><\/span><\/h4>\n<p>La longueur d&#8217;onde optimale et la p\u00e9n\u00e9tration peu<br \/>\nprofonde des tissus facilitent le diagnostic et le<br \/>\nTraitement des affections des tissus mous<\/p>\n","protected":false},"excerpt":{"rendered":"<p>Le<strong> laser Thulium Potent<\/strong> est un dispositif m\u00e9dical avanc\u00e9 utilisant une longueur d&#8217;onde de 1927 nm, id\u00e9al pour des applications dermatologiques et esth\u00e9tiques comme le rajeunissement cutan\u00e9, le traitement des taches pigmentaires, des cicatrices d&#8217;acn\u00e9 et la r\u00e9duction des pores dilat\u00e9s. Il offre une pr\u00e9cision \u00e9lev\u00e9e, est peu invasif et assure un temps de r\u00e9cup\u00e9ration rapide.<\/p>\n<p>Dot\u00e9 d&#8217;une interface intuitive et de modes de traitement fractionn\u00e9s, il garantit des r\u00e9sultats efficaces et s\u00fbrs pour divers types de peau.<\/p>\n","protected":false},"featured_media":16762,"comment_status":"open","ping_status":"closed","template":"","meta":[],"product_brand":[],"product_cat":[18,27],"product_tag":[],"class_list":{"0":"post-16764","1":"product","2":"type-product","3":"status-publish","4":"has-post-thumbnail","6":"product_cat-bloc-operatoire","7":"product_cat-laser","9":"first","10":"instock","11":"taxable","12":"shipping-taxable","13":"product-type-simple"},"_links":{"self":[{"href":"https:\/\/bota-dz.com\/shop\/wp-json\/wp\/v2\/product\/16764","targetHints":{"allow":["GET"]}}],"collection":[{"href":"https:\/\/bota-dz.com\/shop\/wp-json\/wp\/v2\/product"}],"about":[{"href":"https:\/\/bota-dz.com\/shop\/wp-json\/wp\/v2\/types\/product"}],"replies":[{"embeddable":true,"href":"https:\/\/bota-dz.com\/shop\/wp-json\/wp\/v2\/comments?post=16764"}],"version-history":[{"count":7,"href":"https:\/\/bota-dz.com\/shop\/wp-json\/wp\/v2\/product\/16764\/revisions"}],"predecessor-version":[{"id":16767,"href":"https:\/\/bota-dz.com\/shop\/wp-json\/wp\/v2\/product\/16764\/revisions\/16767"}],"wp:featuredmedia":[{"embeddable":true,"href":"https:\/\/bota-dz.com\/shop\/wp-json\/wp\/v2\/media\/16762"}],"wp:attachment":[{"href":"https:\/\/bota-dz.com\/shop\/wp-json\/wp\/v2\/media?parent=16764"}],"wp:term":[{"taxonomy":"product_brand","embeddable":true,"href":"https:\/\/bota-dz.com\/shop\/wp-json\/wp\/v2\/product_brand?post=16764"},{"taxonomy":"product_cat","embeddable":true,"href":"https:\/\/bota-dz.com\/shop\/wp-json\/wp\/v2\/product_cat?post=16764"},{"taxonomy":"product_tag","embeddable":true,"href":"https:\/\/bota-dz.com\/shop\/wp-json\/wp\/v2\/product_tag?post=16764"}],"curies":[{"name":"wp","href":"https:\/\/api.w.org\/{rel}","templated":true}]}}