{"id":16832,"date":"2025-01-06T16:23:57","date_gmt":"2025-01-06T15:23:57","guid":{"rendered":"https:\/\/bota-dz.com\/shop\/?post_type=product&#038;p=16832"},"modified":"2025-03-06T11:55:44","modified_gmt":"2025-03-06T10:55:44","slug":"moniteur-medicale-32%e2%80%b3-4k-3d","status":"publish","type":"product","link":"https:\/\/bota-dz.com\/shop\/produits\/bloc-operatoire\/moniteur-medicale-32%e2%80%b3-4k-3d\/","title":{"rendered":"Moniteur M\u00e9dicale 32\u2033 &#8211; 4K 3D"},"content":{"rendered":"\t\t<div data-elementor-type=\"wp-post\" data-elementor-id=\"16832\" class=\"elementor elementor-16832\">\n\t\t\t\t<div class=\"elementor-element elementor-element-daca643 e-flex e-con-boxed wd-section-disabled e-con e-parent\" data-id=\"daca643\" data-element_type=\"container\">\n\t\t\t\t\t<div class=\"e-con-inner\">\n\t\t\t\t<div class=\"elementor-element elementor-element-f9307c6 elementor-widget elementor-widget-wd_text_block\" data-id=\"f9307c6\" data-element_type=\"widget\" data-widget_type=\"wd_text_block.default\">\n\t\t\t\t<div class=\"elementor-widget-container\">\n\t\t\t\t\t\t\t<div class=\"wd-text-block reset-last-child text-left\">\n\t\t\t\n\t\t\t<h4><strong><span style=\"color: #ff0000\">Sp\u00e9cifications techniques :<\/span><\/strong><\/h4><p>Les sp\u00e9cifications techniques du <strong>MT-YC320D<\/strong> incluent une r\u00e9solution UHD de 3840x2160, une luminosit\u00e9 de 700 cd\/\u33a1, un rapport de contraste de 1400:1 et un temps de r\u00e9ponse de 6 ms. Il prend en charge des signaux d'entr\u00e9e tels que HDMI, DVI, DP, VGA et USB, avec une sortie SDI. La taille d'affichage est de 698,4 x 392,85 mm.<\/p><p>Ce moniteur est particuli\u00e8rement adapt\u00e9 pour des disciplines telles que la chirurgie g\u00e9n\u00e9rale, la gyn\u00e9cologie, l'oto-rhino-laryngologie, l'urologie, la proctologie, l'orthop\u00e9die et la chirurgie plastique.<\/p><p>Ces caract\u00e9ristiques font du <strong>MT-YC320D<\/strong> un choix fiable pour les professionnels de la sant\u00e9 n\u00e9cessitant une visualisation 3D de haute qualit\u00e9 lors d'interventions m\u00e9dicales.<\/p>\n\t\t\t\t\t<\/div>\n\t\t\t\t\t\t<\/div>\n\t\t\t\t<\/div>\n\t\t\t\t\t<\/div>\n\t\t\t\t<\/div>\n\t\t\t\t<\/div>\n\t\t","protected":false},"excerpt":{"rendered":"<p>Le moniteur m\u00e9dical 3D de 32 pouces <strong>MT-YC320D<\/strong> est sp\u00e9cialement con\u00e7u pour les interventions chirurgicales en 3D. Il utilise une dalle <strong>LCD FHD<\/strong> grand \u00e9cran offrant un rendu des couleurs pr\u00e9cis, une excellente stratification et des images fluides, r\u00e9pondant ainsi aux exigences croissantes des affichages m\u00e9dicaux. Ce moniteur permet une observation claire et pr\u00e9cise des sites chirurgicaux lors de proc\u00e9dures mini-invasives.<\/p>\n<p>Sa conception comprend un cadre blanc, une structure \u00e9tanche et un traitement antibact\u00e9rien, le rendant adapt\u00e9 aux environnements st\u00e9riles des blocs op\u00e9ratoires et des unit\u00e9s de soins intensifs. Il est conforme aux r\u00e9glementations de compatibilit\u00e9 \u00e9lectromagn\u00e9tique et dispose de multiples interfaces vid\u00e9o d&#8217;entr\u00e9e et de sortie, assurant une compatibilit\u00e9 avec divers \u00e9quipements m\u00e9dicaux.<\/p>\n","protected":false},"featured_media":16833,"comment_status":"open","ping_status":"closed","template":"","meta":[],"product_brand":[],"product_cat":[18,20],"product_tag":[],"class_list":{"0":"post-16832","1":"product","2":"type-product","3":"status-publish","4":"has-post-thumbnail","6":"product_cat-bloc-operatoire","7":"product_cat-endoscopie","9":"first","10":"instock","11":"taxable","12":"shipping-taxable","13":"product-type-simple"},"_links":{"self":[{"href":"https:\/\/bota-dz.com\/shop\/wp-json\/wp\/v2\/product\/16832","targetHints":{"allow":["GET"]}}],"collection":[{"href":"https:\/\/bota-dz.com\/shop\/wp-json\/wp\/v2\/product"}],"about":[{"href":"https:\/\/bota-dz.com\/shop\/wp-json\/wp\/v2\/types\/product"}],"replies":[{"embeddable":true,"href":"https:\/\/bota-dz.com\/shop\/wp-json\/wp\/v2\/comments?post=16832"}],"version-history":[{"count":5,"href":"https:\/\/bota-dz.com\/shop\/wp-json\/wp\/v2\/product\/16832\/revisions"}],"predecessor-version":[{"id":17550,"href":"https:\/\/bota-dz.com\/shop\/wp-json\/wp\/v2\/product\/16832\/revisions\/17550"}],"wp:featuredmedia":[{"embeddable":true,"href":"https:\/\/bota-dz.com\/shop\/wp-json\/wp\/v2\/media\/16833"}],"wp:attachment":[{"href":"https:\/\/bota-dz.com\/shop\/wp-json\/wp\/v2\/media?parent=16832"}],"wp:term":[{"taxonomy":"product_brand","embeddable":true,"href":"https:\/\/bota-dz.com\/shop\/wp-json\/wp\/v2\/product_brand?post=16832"},{"taxonomy":"product_cat","embeddable":true,"href":"https:\/\/bota-dz.com\/shop\/wp-json\/wp\/v2\/product_cat?post=16832"},{"taxonomy":"product_tag","embeddable":true,"href":"https:\/\/bota-dz.com\/shop\/wp-json\/wp\/v2\/product_tag?post=16832"}],"curies":[{"name":"wp","href":"https:\/\/api.w.org\/{rel}","templated":true}]}}