{"id":16989,"date":"2025-01-21T14:48:23","date_gmt":"2025-01-21T13:48:23","guid":{"rendered":"https:\/\/bota-dz.com\/shop\/?post_type=product&#038;p=16989"},"modified":"2025-03-06T09:43:29","modified_gmt":"2025-03-06T08:43:29","slug":"fractional-co2-laser","status":"publish","type":"product","link":"https:\/\/bota-dz.com\/shop\/produits\/esthetique\/fractional-co2-laser\/","title":{"rendered":"Fractional CO2 Laser"},"content":{"rendered":"\t\t<div data-elementor-type=\"wp-post\" data-elementor-id=\"16989\" class=\"elementor elementor-16989\">\n\t\t\t\t<div class=\"elementor-element elementor-element-5d316ab8 e-flex e-con-boxed wd-section-disabled e-con e-parent\" data-id=\"5d316ab8\" data-element_type=\"container\">\n\t\t\t\t\t<div class=\"e-con-inner\">\n\t\t\t\t<div class=\"elementor-element elementor-element-4dea94dd color-scheme-inherit text-left elementor-widget elementor-widget-text-editor\" data-id=\"4dea94dd\" data-element_type=\"widget\" data-widget_type=\"text-editor.default\">\n\t\t\t\t<div class=\"elementor-widget-container\">\n\t\t\t\t\t\t\t\t\t<h4><span style=\"color: #ff0000\">Applications principales :<\/span><\/h4><p><span style=\"color: #000000\"><strong>\u2013 Traitement des cicatrices :<\/strong> chirurgicales, d&#8217;acn\u00e9, et autres.<\/span><br \/><span style=\"color: #000000\"><strong>\u2013 R\u00e9duction des pigmentations :<\/strong> taches de vieillesse, chloasma et imperfections.<\/span><br \/><span style=\"color: #000000\"><strong>\u2013 Rajeunissement de la peau :<\/strong> rides, resserrement cutan\u00e9 et renouvellement de la peau.<\/span><br \/><span style=\"color: #000000\"><strong>\u2013 Traitements vaginaux :<\/strong> blanchiment, resserrement et gestion de l&#8217;incontinence.<\/span><br \/><span style=\"color: #000000\"><strong>\u2013 R\u00e9paration des dommages cutan\u00e9s :<\/strong> li\u00e9s au soleil ou \u00e0 l\u2019\u00e2ge.<\/span><\/p><p>\u00a0<\/p><h4><span style=\"color: #ff0000\"><strong>Caract\u00e9ristiques techniques principales :<\/strong><\/span><\/h4><p><span style=\"color: #000000\"><strong>\u2013<\/strong> \u00c9cran tactile couleur de 10,4 pouces pour une utilisation intuitive.<\/span><br \/><span style=\"color: #000000\"><strong>\u2013<\/strong> Bras articul\u00e9 \u00e0 7 joints, am\u00e9liorant la pr\u00e9cision et la maniabilit\u00e9.<\/span><br \/><span style=\"color: #000000\"><strong>\u2013<\/strong> Laser RF-excit\u00e9 avec un tube m\u00e9tallique fabriqu\u00e9 aux \u00c9tats-Unis.<\/span><br \/><span style=\"color: #000000\"><strong>\u2013<\/strong> Param\u00e8tres ajustables pour personnaliser les traitements selon les besoins.<\/span><br \/><span style=\"color: #000000\"><strong>\u2013<\/strong> Syst\u00e8me 3-en-1 combinant les modes fractionnel, chirurgical et vaginal.<\/span><\/p><p>\u00a0<\/p><h4><span style=\"color: #ff0000\"><strong>Avantages :<\/strong><\/span><\/h4><p><span style=\"color: #000000\"><strong>\u2013<\/strong>\u00a0Traitements rapides, efficaces et sans douleur.<br \/><strong>\u2013<\/strong> Absence de cicatrices apr\u00e8s les interventions.<br \/><strong>\u2013<\/strong> Entretien simplifi\u00e9 gr\u00e2ce \u00e0 une conception modulaire.<br \/><strong>\u2013<\/strong> Polyvalence gr\u00e2ce aux diff\u00e9rents modes et r\u00e9glages.<\/span><\/p>\t\t\t\t\t\t\t\t<\/div>\n\t\t\t\t<\/div>\n\t\t\t\t\t<\/div>\n\t\t\t\t<\/div>\n\t\t\t\t<\/div>\n\t\t","protected":false},"excerpt":{"rendered":"<p>Ce mod\u00e8le de machine <strong>Fractional CO2 Laser<\/strong> est con\u00e7u pour des traitements de la peau et des soins esth\u00e9tiques avanc\u00e9s.<br \/>\nIl fonctionne en fractionnant le faisceau laser en micro-faisceaux, permettant des zones de traitement localis\u00e9es tout en pr\u00e9servant les tissus environnants pour une r\u00e9cup\u00e9ration rapide.<\/p>\n","protected":false},"featured_media":16990,"comment_status":"open","ping_status":"closed","template":"","meta":[],"product_brand":[],"product_cat":[25,27],"product_tag":[],"class_list":{"0":"post-16989","1":"product","2":"type-product","3":"status-publish","4":"has-post-thumbnail","6":"product_cat-esthetique","7":"product_cat-laser","9":"first","10":"instock","11":"taxable","12":"shipping-taxable","13":"product-type-simple"},"_links":{"self":[{"href":"https:\/\/bota-dz.com\/shop\/wp-json\/wp\/v2\/product\/16989","targetHints":{"allow":["GET"]}}],"collection":[{"href":"https:\/\/bota-dz.com\/shop\/wp-json\/wp\/v2\/product"}],"about":[{"href":"https:\/\/bota-dz.com\/shop\/wp-json\/wp\/v2\/types\/product"}],"replies":[{"embeddable":true,"href":"https:\/\/bota-dz.com\/shop\/wp-json\/wp\/v2\/comments?post=16989"}],"version-history":[{"count":7,"href":"https:\/\/bota-dz.com\/shop\/wp-json\/wp\/v2\/product\/16989\/revisions"}],"predecessor-version":[{"id":17546,"href":"https:\/\/bota-dz.com\/shop\/wp-json\/wp\/v2\/product\/16989\/revisions\/17546"}],"wp:featuredmedia":[{"embeddable":true,"href":"https:\/\/bota-dz.com\/shop\/wp-json\/wp\/v2\/media\/16990"}],"wp:attachment":[{"href":"https:\/\/bota-dz.com\/shop\/wp-json\/wp\/v2\/media?parent=16989"}],"wp:term":[{"taxonomy":"product_brand","embeddable":true,"href":"https:\/\/bota-dz.com\/shop\/wp-json\/wp\/v2\/product_brand?post=16989"},{"taxonomy":"product_cat","embeddable":true,"href":"https:\/\/bota-dz.com\/shop\/wp-json\/wp\/v2\/product_cat?post=16989"},{"taxonomy":"product_tag","embeddable":true,"href":"https:\/\/bota-dz.com\/shop\/wp-json\/wp\/v2\/product_tag?post=16989"}],"curies":[{"name":"wp","href":"https:\/\/api.w.org\/{rel}","templated":true}]}}