{"id":29,"date":"2023-12-03T21:10:14","date_gmt":"2023-12-03T20:10:14","guid":{"rendered":"https:\/\/bota-dz.com\/shop\/?post_type=product&#038;p=29"},"modified":"2025-01-16T11:46:38","modified_gmt":"2025-01-16T10:46:38","slug":"concentrateur-doxygene-10-litres","status":"publish","type":"product","link":"https:\/\/bota-dz.com\/shop\/produits\/medecine-generale\/concentrateur-doxygene-10-litres\/","title":{"rendered":"Concentrateur d&#8217;oxyg\u00e8ne -10 litres"},"content":{"rendered":"<p>Concentrateur d&#8217;oxygene 10 litres<\/p>\n<ul>\n<li>D\u00e9bit d\u2019oxyg\u00e8ne : 0.5\u00a0 \u2013 10 L \/ min .<\/li>\n<li>Concentration en oxyg\u00e8ne : 95.5 % \u2013 87.5 % .<\/li>\n<li>Pression de sortie : 40 \u2013 70 Kpa .<\/li>\n<li>Puissance d\u2019entr\u00e9e : 850 VA<\/li>\n<li>Fonction d\u2019accumulation de temps, montrant les heures de travail totales via l\u2019\u00e9cran d\u2019affichage .<\/li>\n<li>Appuyez sur la soupape de s\u00e9curit\u00e9 pour assurer une meilleure s\u00e9curit\u00e9.<\/li>\n<li>Fonction d\u2019alarme de panne de courant, fonction d\u2019alarme haute pression et basse pression.<\/li>\n<li>Le compresseur est dot\u00e9 d\u2019une protection thermique qui assure la s\u00e9curit\u00e9 du compresseur et du concentrateur.<\/li>\n<\/ul>\n","protected":false},"excerpt":{"rendered":"<p>Concentrateur d&#8217;oxygene<\/p>\n<p>10 litres<\/p>\n","protected":false},"featured_media":16892,"comment_status":"open","ping_status":"closed","template":"","meta":[],"product_brand":[],"product_cat":[21],"product_tag":[],"class_list":{"0":"post-29","1":"product","2":"type-product","3":"status-publish","4":"has-post-thumbnail","6":"product_cat-medecine-generale","8":"first","9":"instock","10":"taxable","11":"shipping-taxable","12":"product-type-simple"},"_links":{"self":[{"href":"https:\/\/bota-dz.com\/shop\/wp-json\/wp\/v2\/product\/29","targetHints":{"allow":["GET"]}}],"collection":[{"href":"https:\/\/bota-dz.com\/shop\/wp-json\/wp\/v2\/product"}],"about":[{"href":"https:\/\/bota-dz.com\/shop\/wp-json\/wp\/v2\/types\/product"}],"replies":[{"embeddable":true,"href":"https:\/\/bota-dz.com\/shop\/wp-json\/wp\/v2\/comments?post=29"}],"version-history":[{"count":3,"href":"https:\/\/bota-dz.com\/shop\/wp-json\/wp\/v2\/product\/29\/revisions"}],"predecessor-version":[{"id":16897,"href":"https:\/\/bota-dz.com\/shop\/wp-json\/wp\/v2\/product\/29\/revisions\/16897"}],"wp:featuredmedia":[{"embeddable":true,"href":"https:\/\/bota-dz.com\/shop\/wp-json\/wp\/v2\/media\/16892"}],"wp:attachment":[{"href":"https:\/\/bota-dz.com\/shop\/wp-json\/wp\/v2\/media?parent=29"}],"wp:term":[{"taxonomy":"product_brand","embeddable":true,"href":"https:\/\/bota-dz.com\/shop\/wp-json\/wp\/v2\/product_brand?post=29"},{"taxonomy":"product_cat","embeddable":true,"href":"https:\/\/bota-dz.com\/shop\/wp-json\/wp\/v2\/product_cat?post=29"},{"taxonomy":"product_tag","embeddable":true,"href":"https:\/\/bota-dz.com\/shop\/wp-json\/wp\/v2\/product_tag?post=29"}],"curies":[{"name":"wp","href":"https:\/\/api.w.org\/{rel}","templated":true}]}}