{"id":92,"date":"2023-12-03T21:11:00","date_gmt":"2023-12-03T20:11:00","guid":{"rendered":"https:\/\/bota-dz.com\/shop\/?post_type=product&#038;p=92"},"modified":"2025-02-04T15:32:47","modified_gmt":"2025-02-04T14:32:47","slug":"table-dexamen-electrique-gynecologique","status":"publish","type":"product","link":"https:\/\/bota-dz.com\/shop\/produits\/gynecologie-et-maternite\/table-dexamen-electrique-gynecologique\/","title":{"rendered":"Table d&#8217;examen \u00e9lectrique &#8211; gyn\u00e9cologique"},"content":{"rendered":"<p>Table d&#8217;examen \u00e9l\u00e9ctrique<\/p>\n<p>gyn\u00e9cologique<\/p>\n<p>&nbsp;<\/p>\n","protected":false},"excerpt":{"rendered":"<p>Table d&#8217;examen \u00e9l\u00e9ctrique<\/p>\n<p>gyn\u00e9cologique<\/p>\n<p>&nbsp;<\/p>\n","protected":false},"featured_media":17106,"comment_status":"open","ping_status":"closed","template":"","meta":[],"product_brand":[],"product_cat":[22],"product_tag":[],"class_list":{"0":"post-92","1":"product","2":"type-product","3":"status-publish","4":"has-post-thumbnail","6":"product_cat-gynecologie-et-maternite","8":"first","9":"instock","10":"taxable","11":"shipping-taxable","12":"product-type-simple"},"_links":{"self":[{"href":"https:\/\/bota-dz.com\/shop\/wp-json\/wp\/v2\/product\/92","targetHints":{"allow":["GET"]}}],"collection":[{"href":"https:\/\/bota-dz.com\/shop\/wp-json\/wp\/v2\/product"}],"about":[{"href":"https:\/\/bota-dz.com\/shop\/wp-json\/wp\/v2\/types\/product"}],"replies":[{"embeddable":true,"href":"https:\/\/bota-dz.com\/shop\/wp-json\/wp\/v2\/comments?post=92"}],"version-history":[{"count":2,"href":"https:\/\/bota-dz.com\/shop\/wp-json\/wp\/v2\/product\/92\/revisions"}],"predecessor-version":[{"id":17107,"href":"https:\/\/bota-dz.com\/shop\/wp-json\/wp\/v2\/product\/92\/revisions\/17107"}],"wp:featuredmedia":[{"embeddable":true,"href":"https:\/\/bota-dz.com\/shop\/wp-json\/wp\/v2\/media\/17106"}],"wp:attachment":[{"href":"https:\/\/bota-dz.com\/shop\/wp-json\/wp\/v2\/media?parent=92"}],"wp:term":[{"taxonomy":"product_brand","embeddable":true,"href":"https:\/\/bota-dz.com\/shop\/wp-json\/wp\/v2\/product_brand?post=92"},{"taxonomy":"product_cat","embeddable":true,"href":"https:\/\/bota-dz.com\/shop\/wp-json\/wp\/v2\/product_cat?post=92"},{"taxonomy":"product_tag","embeddable":true,"href":"https:\/\/bota-dz.com\/shop\/wp-json\/wp\/v2\/product_tag?post=92"}],"curies":[{"name":"wp","href":"https:\/\/api.w.org\/{rel}","templated":true}]}}