{"id":93,"date":"2023-12-03T21:11:00","date_gmt":"2023-12-03T20:11:00","guid":{"rendered":"https:\/\/bota-dz.com\/shop\/?post_type=product&#038;p=93"},"modified":"2025-01-21T15:46:31","modified_gmt":"2025-01-21T14:46:31","slug":"table-doperation-electrique","status":"publish","type":"product","link":"https:\/\/bota-dz.com\/shop\/produits\/bloc-operatoire\/table-doperation-electrique\/","title":{"rendered":"Table d&#8217;op\u00e9ration &#8211; \u00e9lectrique"},"content":{"rendered":"<p>Table d&#8217;op\u00e9ration<\/p>\n<p>\u00e9l\u00e9ctrique<\/p>\n<p>&nbsp;<\/p>\n","protected":false},"excerpt":{"rendered":"<p>Table d&#8217;op\u00e9ration<\/p>\n<p>\u00e9l\u00e9ctrique<\/p>\n<p>&nbsp;<\/p>\n","protected":false},"featured_media":16997,"comment_status":"open","ping_status":"closed","template":"","meta":[],"product_brand":[],"product_cat":[18],"product_tag":[],"class_list":{"0":"post-93","1":"product","2":"type-product","3":"status-publish","4":"has-post-thumbnail","6":"product_cat-bloc-operatoire","8":"first","9":"instock","10":"taxable","11":"shipping-taxable","12":"product-type-simple"},"_links":{"self":[{"href":"https:\/\/bota-dz.com\/shop\/wp-json\/wp\/v2\/product\/93","targetHints":{"allow":["GET"]}}],"collection":[{"href":"https:\/\/bota-dz.com\/shop\/wp-json\/wp\/v2\/product"}],"about":[{"href":"https:\/\/bota-dz.com\/shop\/wp-json\/wp\/v2\/types\/product"}],"replies":[{"embeddable":true,"href":"https:\/\/bota-dz.com\/shop\/wp-json\/wp\/v2\/comments?post=93"}],"version-history":[{"count":3,"href":"https:\/\/bota-dz.com\/shop\/wp-json\/wp\/v2\/product\/93\/revisions"}],"predecessor-version":[{"id":16999,"href":"https:\/\/bota-dz.com\/shop\/wp-json\/wp\/v2\/product\/93\/revisions\/16999"}],"wp:featuredmedia":[{"embeddable":true,"href":"https:\/\/bota-dz.com\/shop\/wp-json\/wp\/v2\/media\/16997"}],"wp:attachment":[{"href":"https:\/\/bota-dz.com\/shop\/wp-json\/wp\/v2\/media?parent=93"}],"wp:term":[{"taxonomy":"product_brand","embeddable":true,"href":"https:\/\/bota-dz.com\/shop\/wp-json\/wp\/v2\/product_brand?post=93"},{"taxonomy":"product_cat","embeddable":true,"href":"https:\/\/bota-dz.com\/shop\/wp-json\/wp\/v2\/product_cat?post=93"},{"taxonomy":"product_tag","embeddable":true,"href":"https:\/\/bota-dz.com\/shop\/wp-json\/wp\/v2\/product_tag?post=93"}],"curies":[{"name":"wp","href":"https:\/\/api.w.org\/{rel}","templated":true}]}}