{"id":94,"date":"2023-12-03T21:11:00","date_gmt":"2023-12-03T20:11:00","guid":{"rendered":"https:\/\/bota-dz.com\/shop\/?post_type=product&#038;p=94"},"modified":"2025-01-21T16:22:01","modified_gmt":"2025-01-21T15:22:01","slug":"table-doperation-mecanique","status":"publish","type":"product","link":"https:\/\/bota-dz.com\/shop\/produits\/bloc-operatoire\/table-doperation-mecanique\/","title":{"rendered":"Table d&#8217;op\u00e9ration &#8211; M\u00e9canique"},"content":{"rendered":"<p>Table d&#8217;op\u00e9ration<\/p>\n<p>m\u00e9canique<\/p>\n<p>&nbsp;<\/p>\n","protected":false},"excerpt":{"rendered":"<p>Table d&#8217;op\u00e9ration<\/p>\n<p>m\u00e9canique<\/p>\n<p>&nbsp;<\/p>\n","protected":false},"featured_media":17001,"comment_status":"open","ping_status":"closed","template":"","meta":[],"product_brand":[],"product_cat":[18],"product_tag":[],"class_list":{"0":"post-94","1":"product","2":"type-product","3":"status-publish","4":"has-post-thumbnail","6":"product_cat-bloc-operatoire","8":"first","9":"instock","10":"taxable","11":"shipping-taxable","12":"product-type-simple"},"_links":{"self":[{"href":"https:\/\/bota-dz.com\/shop\/wp-json\/wp\/v2\/product\/94","targetHints":{"allow":["GET"]}}],"collection":[{"href":"https:\/\/bota-dz.com\/shop\/wp-json\/wp\/v2\/product"}],"about":[{"href":"https:\/\/bota-dz.com\/shop\/wp-json\/wp\/v2\/types\/product"}],"replies":[{"embeddable":true,"href":"https:\/\/bota-dz.com\/shop\/wp-json\/wp\/v2\/comments?post=94"}],"version-history":[{"count":3,"href":"https:\/\/bota-dz.com\/shop\/wp-json\/wp\/v2\/product\/94\/revisions"}],"predecessor-version":[{"id":17002,"href":"https:\/\/bota-dz.com\/shop\/wp-json\/wp\/v2\/product\/94\/revisions\/17002"}],"wp:featuredmedia":[{"embeddable":true,"href":"https:\/\/bota-dz.com\/shop\/wp-json\/wp\/v2\/media\/17001"}],"wp:attachment":[{"href":"https:\/\/bota-dz.com\/shop\/wp-json\/wp\/v2\/media?parent=94"}],"wp:term":[{"taxonomy":"product_brand","embeddable":true,"href":"https:\/\/bota-dz.com\/shop\/wp-json\/wp\/v2\/product_brand?post=94"},{"taxonomy":"product_cat","embeddable":true,"href":"https:\/\/bota-dz.com\/shop\/wp-json\/wp\/v2\/product_cat?post=94"},{"taxonomy":"product_tag","embeddable":true,"href":"https:\/\/bota-dz.com\/shop\/wp-json\/wp\/v2\/product_tag?post=94"}],"curies":[{"name":"wp","href":"https:\/\/api.w.org\/{rel}","templated":true}]}}